{"id":6391,"date":"2025-01-20T13:34:50","date_gmt":"2025-01-20T13:34:50","guid":{"rendered":"https:\/\/nou.buckner.ro\/?page_id=6391"},"modified":"2025-01-20T13:40:01","modified_gmt":"2025-01-20T13:40:01","slug":"proiect-cjm-alegem-respectul-si-unitatea","status":"publish","type":"page","link":"https:\/\/nou.buckner.ro\/index.php\/proiect-cjm-alegem-respectul-si-unitatea\/","title":{"rendered":"Proiect CJM &#8211; Alegem respectul \u0219i unitatea"},"content":{"rendered":"\t\t<div data-elementor-type=\"wp-page\" data-elementor-id=\"6391\" class=\"elementor elementor-6391\">\n\t\t\t\t<div class=\"elementor-element elementor-element-1d79367 e-flex e-con-boxed e-con e-parent\" data-id=\"1d79367\" data-element_type=\"container\">\n\t\t\t\t\t<div class=\"e-con-inner\">\n\t\t\t\t<div class=\"elementor-element elementor-element-56a1384 elementor-widget elementor-widget-heading\" data-id=\"56a1384\" data-element_type=\"widget\" data-widget_type=\"heading.default\">\n\t\t\t\t<div class=\"elementor-widget-container\">\n\t\t\t<h2 class=\"elementor-heading-title elementor-size-default\">\"Alegem Respectul \u0219i Unitatea\"<br>Proiect realizat cu sprijinul Consiliului Jude\u021bean Mure\u0219<br><\/h2>\t\t<\/div>\n\t\t\t\t<\/div>\n\t\t\t\t\t<\/div>\n\t\t\t\t<\/div>\n\t\t<div class=\"elementor-element elementor-element-fa41ddb e-flex e-con-boxed e-con e-parent\" data-id=\"fa41ddb\" data-element_type=\"container\">\n\t\t\t\t\t<div class=\"e-con-inner\">\n\t\t\t\t<div class=\"elementor-element elementor-element-6488752 elementor-widget elementor-widget-text-editor\" data-id=\"6488752\" data-element_type=\"widget\" data-widget_type=\"text-editor.default\">\n\t\t\t\t<div class=\"elementor-widget-container\">\n\t\t\t\t\t\t\t<p><span style=\"font-weight: 400; color: #333333;\">Re\u021beaua de centre de zi deschise, licen\u021biate \u0219i coordonate de Funda\u021bia Buckner \u00ee\u015fi propune s\u0103 ofere educa\u0163ie \u015fi \u00eengrijire copiilor provenind din familii nevoiase din comunit\u0103\u021bile vulnerabile din T\u00e2rn\u0103veni, Zag\u0103r, Ormeni\u0219, S\u00e2npetru de C\u00e2mpie \u0219i de pe strada Remetea din T\u00e2rgu Mure\u0219, din dorin\u0163a de a reduce abandonul \u015fcolar \u015fi familial \u00een cadrul acestor comunit\u0103\u0163i. Prin educa\u0163ie timpurie \u015fi suport educa\u0163ional pentru elevi se dore\u015fte \u00eembun\u0103t\u0103\u0163irea nivelului educational al comunit\u0103\u0163ii care cu timpul s\u0103 duc\u0103 la cre\u015fterea nivelului de trai al acesteia. \u00cen cadrul programelor desf\u0103\u015furate pentru copii pre\u015fcolari \u015fi \u015fcolari beneficiarii sunt pe o curb\u0103 ascendent\u0103 \u00een ce prive\u015fte nivelul lor educa\u0163ional at\u00e2t formal c\u00e2t \u015fi informal. Copiii au dob\u00e2ndit \u015fi dob\u00e2ndesc \u00een continuare abilit\u0103\u0163i \u015fi deprinderi care le ofer\u0103 posibilitatea integr\u0103rii cu succes \u00een mediul \u015fcolar \u015fi \u00een societate.<\/span><\/p><p><span style=\"font-weight: 400; color: #333333;\">\u00cen perioada iulie \u2013 decembrie 2024, \u00een cadrul re\u021belei de Centre de zi s-au desf\u0103\u0219urat activit\u0103\u021bi \u00een beneficiul a 295 de copii provenind din medii vulnerabile, dup\u0103 cum urmeaz\u0103: 170 de copii din Mun. T\u00e2rn\u0103veni, 25 de copii din Zag\u0103r, 35 de copii din Ormeni\u0219, 30 de copii din S\u00e2npetru de C\u00e2mpie \u0219i 35 de copii din T\u00e2rgu Mure\u0219.\u00a0<\/span><\/p><p><span style=\"font-weight: 400; color: #333333;\">\u00cen condi\u021biile \u00een care misiunea acestor centre de zi este prevenirea separ\u0103rii copilului de familia sa, \u0219i prevenirea abandonului \u0219colar, prin toate activit\u0103\u021bile derulate \u00een centre \u00een aceast\u0103 perioad\u0103, s-a urm\u0103rit \u00eemplinirea acestei misiuni.\u00a0<\/span><\/p><p><span style=\"font-weight: 400; color: #333333;\">Activit\u0103\u021bile specifice derulate \u00een aceast\u0103 perioad\u0103 au fost:\u00a0<\/span><\/p><ul><li style=\"font-weight: 400;\" aria-level=\"1\"><span style=\"font-weight: 400; color: #333333;\">Oferirea zilnic\u0103 de \u00eengrijire, hran\u0103, asisten\u0163\u0103 medical\u0103 \u015fi transport gratuite;<\/span><\/li><li style=\"font-weight: 400;\" aria-level=\"1\"><span style=\"font-weight: 400; color: #333333;\">Asisten\u021b\u0103 social\u0103 \u0219i asisten\u021b\u0103 psihologic\u0103;<\/span><\/li><li style=\"font-weight: 400;\" aria-level=\"1\"><span style=\"font-weight: 400; color: #333333;\">Implicarea beneficiarilor de v\u00e2rst\u0103 pre\u015fcolar\u0103 \u00een activit\u0103\u0163i de educa\u0163ie formala si non-formala \u015fi de dezvoltare a deprinderilor conform programei aprobate de Ministerul Educa\u0163iei, Cercet\u0103rii \u015fi Tineretului pentru formele de \u00eenv\u0103\u0163\u0103m\u00e2nt pre\u015fcolar;<\/span><\/li><li style=\"font-weight: 400;\" aria-level=\"1\"><span style=\"font-weight: 400; color: #333333;\">Implicarea copiilor \u00een activit\u0103\u0163i de recreere \u015fi socializare;<\/span><\/li><li style=\"font-weight: 400;\" aria-level=\"1\"><span style=\"font-weight: 400; color: #333333;\">Continuarea procesului de educare formal\u0103 prin asistarea beneficiarilor de v\u00e2rst\u0103 \u015fcolar\u0103 la teme;<\/span><\/li><li style=\"font-weight: 400;\" aria-level=\"1\"><span style=\"font-weight: 400; color: #333333;\">Activit\u0103\u0163i de educa\u0163ie non-formal\u0103 \u015fi dezvoltarea deprinderilor personale pentru copiii de v\u00e2rst\u0103 \u015fcolar\u0103 primar\u0103 \u015fi gimnazial\u0103\u00a0<\/span><\/li><li style=\"font-weight: 400;\" aria-level=\"1\"><span style=\"font-weight: 400; color: #333333;\">Activitati de orientare vocationala si a dezvoltarii deprinderilor de viata independenta pentru copiii din programul Generatii \u2013 clasele V-VIII \u2013 derulate in atelierele vocationale ale Centrului de zi din T\u00e2rn\u0103veni cu ajutorul unui numar de 10 voluntari varstnici.<\/span><\/li><li style=\"font-weight: 400;\" aria-level=\"1\"><span style=\"font-weight: 400; color: #333333;\">Dezvoltarea deprinderilor de igien\u0103 \u015fi autoservire;<\/span><\/li><li style=\"font-weight: 400;\" aria-level=\"1\"><span style=\"font-weight: 400; color: #333333;\">Educa\u0163ie moral-religioas\u0103;<\/span><\/li><li style=\"font-weight: 400;\" aria-level=\"1\"><span style=\"font-weight: 400; color: #333333;\">Asigurarea de ajutor umanitar sub form\u0103 de \u00eembr\u0103c\u0103minte, \u00eenc\u0103l\u0163\u0103minte, rechizite, produse alimentare neperisabile copiilor \u015fi familiilor acestora;<\/span><\/li><li style=\"font-weight: 400;\" aria-level=\"1\"><span style=\"font-weight: 400; color: #333333;\">Participarea a 40 de copii la o tab\u0103r\u0103 de var\u0103 la munte \u00een luna Iulie 2024<\/span><\/li><li style=\"font-weight: 400;\" aria-level=\"1\"><span style=\"font-weight: 400; color: #333333;\">Excursie la T\u00e2rgu Mure\u0219 \u0219i participarea la un campionat de mini-fotbal \u00een Octombrie 2024 \u00eempreun\u0103 cu copiii de la centre de zi de pe raza jude\u021bului Mure\u0219<\/span><\/li><li style=\"font-weight: 400;\" aria-level=\"1\"><span style=\"font-weight: 400; color: #333333;\">Organizarea unei campanii de prevenire sau de reducere a fenomenului de bullying \u00een r\u00e2ndul copiilor \u00eenscri\u0219i la centre de zi \u0219i \u0219coli de pe raza jude\u021bului Mure\u0219<\/span><\/li><li style=\"font-weight: 400;\" aria-level=\"1\"><span style=\"font-weight: 400; color: #333333;\">Oferirea de cadouri, pache\u021bele de dulciuri \u0219i fructe \u0219i pachete de alimente cu ocazia s\u0103rb\u0103torilor de iarn\u0103.\u00a0<\/span><\/li><\/ul><p><span style=\"font-weight: 400; color: #333333;\">In luna Iulie 2024, pe perioada vacan\u021bei de var\u0103, au fost derulate activit\u0103\u021bi cu copiii din cadrul Centrelor de zi, \u00een special cu cei de v\u00e2rst\u0103 \u0219colar\u0103, pentru a le oferi oportunitatea de a petrece timp liber \u00een mod constructiv \u0219i \u00een condi\u021bii de siguran\u021b\u0103, pentru a avea acces la mijloace\/condi\u021bii pentru o igien\u0103 personal\u0103 riguroas\u0103, pentru a recapitula cuno\u0219tin\u021be dob\u00e2ndite la \u0219coal\u0103. Astfel s-au derulat activit\u0103\u021bi educativ-recrea\u021bionale zilnice. \u00cen luna August doar \u00een cadrul Centrului de zi din T\u00e2rn\u0103veni s-au derulat activit\u0103\u021bi zilnice, la centrele de zi din zona rural\u0103, prezen\u021ba copiilor fiind mai sc\u0103zut\u0103 \u0219i p\u0103rin\u021bii dorind s\u0103 le ofere o perioad\u0103 de odihn\u0103 copiilor, s-au organizat activit\u0103\u021bi cu copiii timp de dou\u0103 s\u0103pt\u0103m\u00e2ni \u00een fiecare zi.\u00a0<\/span><\/p><p><span style=\"font-weight: 400; color: #333333;\">To\u021bi copiii \u00eenscri\u0219i la Centrele de zi au beneficiat de rechizite si materiale educationale de calitate, transport gratuit la Centre si de la Centru la casele lor \u00een T\u00e2rn\u0103veni \u0219i pe raza comunei S\u00e2npetru de C\u00e2mpie, de conditii de curatenie si confort in salile lor de clasa, de program de igien\u0103 de calitate, care contribuie toate la dezvoltarea deprinderilor lor personale, la educa\u021bia \u0219i cre\u0219terea lor. \u00cen cadrul proiectului au fost achizi\u021bionate produse de igien\u0103 \u0219i de cur\u0103\u021benie care asigur\u0103 starea de bine a copiilor \u0219i starea lor de s\u0103n\u0103tate, materiale educationale si papetarie, \u0219i au fost asigurate costurile pentru hrana zilnic\u0103 \u0219i transportul pentru 40 de copii din T\u00e2rn\u0103veni care au participat la tab\u0103ra de var\u0103 din perioada 14-19 Iulie 2024.\u00a0<\/span><\/p><p><span style=\"font-weight: 400; color: #333333;\">La \u00eenceputul lunii Septembrie a fost desemnat personal de specialitate pentru derularea campaniei de prevenire a bullying-ului \u00een centrele de zi \u0219i a unit\u0103\u021bilor \u0219colare de pe raza jud. Mure\u0219. Personalul de specialitate reprezentat de 2 psihopedagogi au organizat activit\u0103\u021bile dup\u0103 cum urmeaz\u0103:\u00a0<\/span><\/p><p><span style=\"font-weight: 400; color: #333333;\">\u00cen perioada Septembrie \u2013 Decembrie 2024 s-a desf\u0103\u0219urat activitatea intitulat\u0103 \u201eNoi suntem Anti-bullying\u201d \u00een jud. Mure\u0219 \u00een urm\u0103toarele loca\u021bii: \u201eCentrul de Zi Buckner\u201d cu un num\u0103r de 130 elevi, clasele I-VIII,\u00a0 \u201eCentrul de Zi Ormeni\u0219\u201dcu un num\u0103r de 35 elevi clasele 0-IV, \u201dCentrul de Zi Zag\u0103r\u201d cu un num\u0103r de 25 elevi clasele I-IV, \u201eCentrul de zi Remetea\u201d cu un num\u0103r de 35 elevi clasele 0-IV, \u201eCentrul de Zi S\u00e2npetru de C\u00e2mpie\u201d cu un num\u0103r de 30 elevi clasele I-IV, \u201e\u0218coala Gimanzial\u0103 Avram Iancu din T\u00e2rgu Mure\u0219\u201d cu un num\u0103r de 300 elevi din clasele I-VIII \u0219i la \u201e\u0218coala Gimnazial\u0103 Traian din T\u00e2rn\u0103veni\u201d cu un num\u0103r 350 elevi din clasele I-VIII.<\/span><\/p><p><span style=\"font-weight: 400; color: #333333;\">La aceast\u0103 activitate au participat \u00een total un num\u0103r de 905 elevi, at\u00e2t din mediul urban c\u00e2t \u0219i din mediul rural. Scopul acestui program a fost dezvoltarea competen\u021belor \u015fi comportamentelor anti-bullying la elevii de v\u00e2rst\u0103 \u0219colar\u0103.\u00a0<\/span><\/p><p><span style=\"color: #333333;\"><span style=\"font-weight: 400;\">Obiectivele educative ale proiectului au fost: sensibilizarea copiilor despre consecin\u0163ele care rezult\u0103 din aplicarea unor fapte agresive \u015fi antisociale; dezvoltarea unui comportament social corespunz\u0103tor (\u00een cadrul rela\u0163iilor stabilite cu colegii, cu cadrele didactice \u015fi cu \u0219coala) prin familiarizarea acestora cu diverse reguli de conduit\u0103 pozitiv\u0103 \u015fi civilizat\u0103, <\/span><span style=\"font-weight: 400;\">\u020b<\/span><span style=\"font-weight: 400;\">n raport cu propria persoan\u0103 \u015fi cu ceilal\u0163i; crearea unei st\u0103ri de sensibilizare a copiilor pentru o societate bazat\u0103 pe comportamente anti-bullying, \u00een contextul \u015fcolar \u015fi cel familial.<\/span><\/span><\/p><p><span style=\"font-weight: 400; color: #333333;\">Prin activit\u0103\u021bi interactive, elevii au aflat informa\u021bi despre bullying, despre consecin\u021bele pe care le pot avea acest fenomen \u0219i au descoperit modalit\u0103\u021bi de combatere a acestuia, cum ar fi interven\u021bia spectatorului \u0219i gestionarea conflictelor \u00eentr-un mod constructiv \u0219i pa\u0219nic.\u00a0<\/span><\/p><p><span style=\"font-weight: 400; color: #333333;\">\u00cen cadrul acestor activit\u0103\u021bi ne-am axat pe discu\u021bii libere, jocuri cu caracter educa\u021bional, lucru \u00een echip\u0103, toate acestea fiind pe nivele de v\u00e2rst\u0103. Elevii au ar\u0103tat un interes major fa\u021b\u0103 de activit\u0103\u021bi, au fost receptivi \u0219i cooperan\u021bi.\u00a0<\/span><\/p><p><span style=\"font-weight: 400; color: #333333;\">Ca urmare a derul\u0103rii campaniei anti-bullying a crescut gradul de con\u0219tientizare \u0219i \u00een\u021belegere a elevilor cu privire la discriminare \u0219i h\u0103r\u021buire, inclusiv impactul acestora asupra indivizilor \u0219i a comunit\u0103\u021bii. De asemenea, campania a contribuit la prevenirea comportamentelor de bullying oferindu-le elevilor instrumentele \u0219i resursele necesare pentru a recunoa\u0219te astfel de comportamente \u0219i a reac\u021biona la ele, elevii devenind astfel mai capabili s\u0103 recunoasc\u0103, s\u0103 raporteze \u0219i s\u0103 r\u0103spund\u0103 la acte de bullying. Prin participarea \u00een activit\u0103\u021bile campaniei, elevii \u0219i-au dezvoltat, de asemenea, empatia \u0219i compasiunea fa\u021b\u0103 de ceilal\u021bi, promov\u00e2nd o cultur\u0103 a bun\u0103t\u0103\u021bii \u0219i a respectului.<\/span><\/p><p><span style=\"font-weight: 400; color: #333333;\">Din finantarea obtinuta de la Consiliul Judetean Mures cei doi speciali\u0219ti au fost salariza\u021bi in perioada 1 septembrie \u2013 15 decembrie 2024. Restul personalului implicat in furnizarea de servicii sociale din cadrul retelei de centre de zi a fost salarizat din resurse proprii ale Fundatiei.\u00a0<\/span><\/p><p><span style=\"font-weight: 400; color: #333333;\">\u00cen data de 29 Octombrie a fost organizat un campionat de mini-fotbal pentru copii la care au participat peste 150 de persoane de la 8 centre de zi diferite de pe raza jude\u021bului Mure\u0219 inclusiv din T\u00e2rn\u0103veni, B\u0103gaciu, T\u00e2rgu Mure\u0219, Zag\u0103r, Dane\u0219, iar cele 8 echipe participante \u0219i sus\u021bin\u0103torii lor s-au bucurat de oportunitatea de a socializa, de a petrece timp \u00een aer liber, de a face mi\u0219care. To\u021bi participan\u021bii au beneficiat de gust\u0103ri, ap\u0103, suplimente nutritive \u0219i masa de pr\u00e2nz asigurate din finan\u021barea de care a beneficiat proiectul, iar sportivii au primit premii, medalii \u0219i trofee asigurate din acelea\u0219i fonduri.\u00a0<\/span><\/p><p><span style=\"font-weight: 400; color: #333333;\">Proiectul a oferit servicii sociale de calitate \u0219i experien\u021be deosebite pentru copiii din medii vulnerabile, ajut\u00e2ndu-i pe ace\u0219tia s\u0103 descopere lumea din jurul lor \u0219i pe ei \u00een\u0219i\u0219i.\u00a0<\/span><\/p><p><strong><span style=\"color: #333333;\">Proiectul a beneficiat de o finan\u021bare de 96000 de lei ob\u021binut\u0103 din bugetul propriu al jude\u021bului Mure\u0219, acordat\u0103 \u00een baza procesului de selec\u021bie a proiectelor de finan\u021bare a unor activit\u0103\u021bi non-profit de interes jude\u021bean \u00een 2024.\u00a0<\/span><\/strong><\/p>\t\t\t\t\t\t<\/div>\n\t\t\t\t<\/div>\n\t\t\t\t\t<\/div>\n\t\t\t\t<\/div>\n\t\t\t\t<\/div>\n\t\t","protected":false},"excerpt":{"rendered":"<p>&#8222;Alegem Respectul \u0219i Unitatea&#8221;Proiect realizat cu sprijinul Consiliului Jude\u021bean Mure\u0219 Re\u021beaua de centre de zi deschise, licen\u021biate \u0219i coordonate de Funda\u021bia Buckner \u00ee\u015fi propune s\u0103 ofere educa\u0163ie \u015fi \u00eengrijire copiilor provenind din familii nevoiase din comunit\u0103\u021bile vulnerabile din T\u00e2rn\u0103veni, Zag\u0103r, Ormeni\u0219, S\u00e2npetru de C\u00e2mpie \u0219i de pe strada Remetea din T\u00e2rgu Mure\u0219, din dorin\u0163a de [&hellip;]<\/p>\n","protected":false},"author":1,"featured_media":5849,"parent":0,"menu_order":0,"comment_status":"closed","ping_status":"closed","template":"","meta":{"footnotes":""},"language":[],"class_list":["post-6391","page","type-page","status-publish","has-post-thumbnail","hentry"],"_links":{"self":[{"href":"https:\/\/nou.buckner.ro\/index.php\/wp-json\/wp\/v2\/pages\/6391","targetHints":{"allow":["GET"]}}],"collection":[{"href":"https:\/\/nou.buckner.ro\/index.php\/wp-json\/wp\/v2\/pages"}],"about":[{"href":"https:\/\/nou.buckner.ro\/index.php\/wp-json\/wp\/v2\/types\/page"}],"author":[{"embeddable":true,"href":"https:\/\/nou.buckner.ro\/index.php\/wp-json\/wp\/v2\/users\/1"}],"replies":[{"embeddable":true,"href":"https:\/\/nou.buckner.ro\/index.php\/wp-json\/wp\/v2\/comments?post=6391"}],"version-history":[{"count":4,"href":"https:\/\/nou.buckner.ro\/index.php\/wp-json\/wp\/v2\/pages\/6391\/revisions"}],"predecessor-version":[{"id":6395,"href":"https:\/\/nou.buckner.ro\/index.php\/wp-json\/wp\/v2\/pages\/6391\/revisions\/6395"}],"wp:featuredmedia":[{"embeddable":true,"href":"https:\/\/nou.buckner.ro\/index.php\/wp-json\/wp\/v2\/media\/5849"}],"wp:attachment":[{"href":"https:\/\/nou.buckner.ro\/index.php\/wp-json\/wp\/v2\/media?parent=6391"}],"wp:term":[{"taxonomy":"language","embeddable":true,"href":"https:\/\/nou.buckner.ro\/index.php\/wp-json\/wp\/v2\/language?post=6391"}],"curies":[{"name":"wp","href":"https:\/\/api.w.org\/{rel}","templated":true}]}}