{"id":6377,"date":"2025-01-20T12:39:49","date_gmt":"2025-01-20T12:39:49","guid":{"rendered":"https:\/\/nou.buckner.ro\/?page_id=6377"},"modified":"2025-01-21T12:29:52","modified_gmt":"2025-01-21T12:29:52","slug":"remetea-mai-mult-decat-scoala","status":"publish","type":"page","link":"https:\/\/nou.buckner.ro\/index.php\/remetea-mai-mult-decat-scoala\/","title":{"rendered":"Remetea &#8211; Mai Mult dec\u00e2t \u0218coalA"},"content":{"rendered":"\t\t<div data-elementor-type=\"wp-page\" data-elementor-id=\"6377\" class=\"elementor elementor-6377\">\n\t\t\t\t<div class=\"elementor-element elementor-element-2d7f01d e-flex e-con-boxed e-con e-parent\" data-id=\"2d7f01d\" data-element_type=\"container\">\n\t\t\t\t\t<div class=\"e-con-inner\">\n\t\t\t\t<div class=\"elementor-element elementor-element-3db17a4 elementor-widget elementor-widget-heading\" data-id=\"3db17a4\" data-element_type=\"widget\" data-widget_type=\"heading.default\">\n\t\t\t\t<div class=\"elementor-widget-container\">\n\t\t\t<h2 class=\"elementor-heading-title elementor-size-default\">Remetea - Mai mult dec\u00e2t \u0218coalA<\/h2>\t\t<\/div>\n\t\t\t\t<\/div>\n\t\t\t\t<div class=\"elementor-element elementor-element-1da1dae elementor-widget elementor-widget-text-editor\" data-id=\"1da1dae\" data-element_type=\"widget\" data-widget_type=\"text-editor.default\">\n\t\t\t\t<div class=\"elementor-widget-container\">\n\t\t\t\t\t\t\t<p><span style=\"font-weight: 400;\">Proiectul MMA \u00ee\u0219i propune s\u0103 investeasc\u0103 \u00een 35 de copiii care locuiesc \u00een zona Remetea din T\u00e2rgu Mure\u0219, nu doar din punct de vedere educa\u021bional, ci \u00een formarea lor ca adul\u021bi \u0219i indivizi: deprinderea de valori s\u0103n\u0103toase, formarea caracterului, abilit\u0103\u021bi sociale, respect pentru sine \u0219i pentru cei din jur, comportamente corecte \u0219i s\u0103n\u0103toase.<\/span><\/p>\t\t\t\t\t\t<\/div>\n\t\t\t\t<\/div>\n\t\t\t\t<div class=\"elementor-element elementor-element-a9c9389 elementor-widget elementor-widget-heading\" data-id=\"a9c9389\" data-element_type=\"widget\" data-widget_type=\"heading.default\">\n\t\t\t\t<div class=\"elementor-widget-container\">\n\t\t\t<h2 class=\"elementor-heading-title elementor-size-default\">DE CE MMA?<\/h2>\t\t<\/div>\n\t\t\t\t<\/div>\n\t\t\t\t<div class=\"elementor-element elementor-element-95d40c9 elementor-widget elementor-widget-text-editor\" data-id=\"95d40c9\" data-element_type=\"widget\" data-widget_type=\"text-editor.default\">\n\t\t\t\t<div class=\"elementor-widget-container\">\n\t\t\t\t\t\t\t<p><span style=\"font-weight: 400;\">Dup\u0103 un an de activitate \u00een zona Remetea, interac\u021bion\u00e2nd cu copiii, cu p\u0103rin\u021bii lor \u0219i cu lideri ai comunit\u0103\u021bii vulnerabile am ajuns s\u0103 cunoa\u0219tem mai bine problemele cu care se confrunt\u0103 familiile \u0219i \u00een mod special copiii din zon\u0103. Majoritatea p\u0103rin\u021bilor au nivel educa\u021bional sc\u0103zut sau sunt analfabe\u021bi, nu au locuri de munc\u0103 stabile, familiile sunt numeroase, condi\u021biile de trai ale acestora sunt dificile. Hrana insuficient\u0103 sau nu foarte bogat\u0103, situa\u021biile conflictuale \u00een familie, limbajul \u0219i comportamentul agresiv, neglijen\u021ba, consumul de alcool sunt omniprezente \u0219i sunt realit\u0103\u021bi cu care copiii cu care lucr\u0103m se confrunt\u0103 zilnic. Acesta este motivul pentru care comportamentul \u0219i limbajul copiilor la \u0219coal\u0103, la gr\u0103dini\u021b\u0103 \u0219i \u00een cadrul centrului de zi este greu de gestionat, \u00een mod special c\u00e2nd ei sunt \u00eempreun\u0103. Chiar dac\u0103 fac parte din aceia\u0219i comunitate, nu au sentimentul comunit\u0103\u021bii, ba chiar, exist\u0103 multe bariere \u00eentre copiii \u0219i sunt deosebit de agresivi unii cu al\u021bii. Faptul c\u0103 ei nu sunt expu\u0219i unor exemple bune acas\u0103, \u00een ciuda \u00eembun\u0103t\u0103\u021birii nivelului educa\u021bional prin frecventarea \u0219colii \u0219i a centrului de zi, aproape garanteaz\u0103 faptul c\u0103 o vor lua pe urma p\u0103rin\u021bilor lor c\u00e2nd vor cre\u0219te mari.\u00a0<\/span><\/p><p><span style=\"font-weight: 400;\">Dac\u0103 ne dorim s\u0103 schimb\u0103m direc\u021bia \u00een via\u021b\u0103 a copiilor cu care lucr\u0103m \u0219i pentru a le oferi \u0219ansa de a se integra mai u\u0219or \u0219i mai bine \u00een societatea t\u00e2rgu mure\u0219ean\u0103, trebuie s\u0103 extindem baza de unelte, oportunit\u0103\u021bi, persoane, metode, programe la care s\u0103 \u00eei expunem pentru a-i influen\u021ba \u0219i pentru a-i ajuta s\u0103 \u00eenve\u021be \u0219i s\u0103 adopte comportamente noi, s\u0103 \u00eembr\u0103\u021bi\u0219eze valori mai s\u0103n\u0103toase, s\u0103 dob\u00e2ndeasc\u0103 mai mult respect pentru ei \u00een\u0219i\u0219i \u0219i pentru cei din jur, s\u0103 \u00ee\u0219i doreasc\u0103 mai mult pentru viitorul lor \u0219i s\u0103 reu\u0219easc\u0103 s\u0103 \u00ee\u0219i dep\u0103\u0219easc\u0103 limit\u0103rile. \u0218coala \u0219i educa\u021bia formal\u0103 sunt importante, dar \u00een aceast\u0103 comunitate este nevoie de ceva <\/span><b>M<\/b><span style=\"font-weight: 400;\">ai <\/span><b>M<\/b><span style=\"font-weight: 400;\">ult dec\u00e2t \u0219coal<\/span><b>A<\/b><span style=\"font-weight: 400;\">.<\/span><\/p>\t\t\t\t\t\t<\/div>\n\t\t\t\t<\/div>\n\t\t\t\t<div class=\"elementor-element elementor-element-bd58265 elementor-widget elementor-widget-heading\" data-id=\"bd58265\" data-element_type=\"widget\" data-widget_type=\"heading.default\">\n\t\t\t\t<div class=\"elementor-widget-container\">\n\t\t\t<h2 class=\"elementor-heading-title elementor-size-default\">CINE \u0218I CE?<\/h2>\t\t<\/div>\n\t\t\t\t<\/div>\n\t\t\t\t<div class=\"elementor-element elementor-element-aae0624 elementor-widget elementor-widget-text-editor\" data-id=\"aae0624\" data-element_type=\"widget\" data-widget_type=\"text-editor.default\">\n\t\t\t\t<div class=\"elementor-widget-container\">\n\t\t\t\t\t\t\t<p><span style=\"font-weight: 400;\">Pe l\u00e2ng\u0103 programul de luni p\u00e2n\u0103 joi pe care \u00eel derul\u0103m \u00een cadrul Centrului de zi dup\u0103 orele de \u0219coal\u0103, dorim s\u0103 mai includem o zi de program cu activit\u0103\u021bi care s\u0103 se focalizeze pe dezvoltarea personal\u0103 a copiilor, influen\u021barea spre bine a comportamentului lor prin educa\u021bie moral\u0103, prin joc de rol, activit\u0103\u021bi \u00een grup \u0219i \u00een echip\u0103, discu\u021bii, muzic\u0103, sport, ie\u0219iri \u00een ora\u0219 sau excursii.\u00a0<\/span><\/p><p><span style=\"font-weight: 400;\">Proiectul pe care \u00eel propunem va implica membrii influen\u021bi ai comunit\u0103\u021bii, cunoscu\u021bi \u0219i respecta\u021bi de copii \u0219i de p\u0103rin\u021bi, care reprezint\u0103 exemple bune pentru cei din jur \u0219i care au capacitatea s\u0103 \u00eei adune \u0219i s\u0103 \u00eei \u00eenve\u021be lucruri bune. Programul se va derula \u00een zilele de vineri, dup\u0103 orele de \u0219coal\u0103, \u00eentr-o loca\u021bie din comunitate \u0219i nu \u00een cadrul \u0219colii, iar copiii vor primi o mas\u0103 cald\u0103 \u00een sistem catering dup\u0103 care timp de 2-3 ore vor participa la diverse activit\u0103\u021bi g\u00e2ndite, planificate \u0219i preg\u0103tite \u00een colaborare de c\u0103tre membri comunit\u0103\u021bii \u0219i personalul Funda\u021biei.<\/span><\/p>\t\t\t\t\t\t<\/div>\n\t\t\t\t<\/div>\n\t\t\t\t<div class=\"elementor-element elementor-element-92fb55d elementor-widget elementor-widget-heading\" data-id=\"92fb55d\" data-element_type=\"widget\" data-widget_type=\"heading.default\">\n\t\t\t\t<div class=\"elementor-widget-container\">\n\t\t\t<h2 class=\"elementor-heading-title elementor-size-default\">C\u00c2T COST\u0102?<\/h2>\t\t<\/div>\n\t\t\t\t<\/div>\n\t\t\t\t<div class=\"elementor-element elementor-element-798d657 elementor-widget elementor-widget-text-editor\" data-id=\"798d657\" data-element_type=\"widget\" data-widget_type=\"text-editor.default\">\n\t\t\t\t<div class=\"elementor-widget-container\">\n\t\t\t\t\t\t\t<p><b>24000 de lei\/an, adic\u0103 2000 de lei\/lun\u0103.\u00a0<\/b><\/p><p><span style=\"font-weight: 400;\">Suma aceasta va asigura masa cald\u0103 pentru 35 de copii \u00een ziua activit\u0103\u021bii \u0219i va asigura baza material\u0103 pentru activit\u0103\u021bi. Practic, costul de baz\u0103 al programului este de <\/span><b>57 de lei\/copil\/lun\u0103 \u0219i 686 de lei\/copil\/an<\/b><span style=\"font-weight: 400;\">, dar activit\u0103\u021bile care se vor desf\u0103\u0219ura \u00een afara comunit\u0103\u021bii (excursii, vizite la diverse obiective, cinema, etc.) vor presupune un cost suplimentar de 1000 de lei\/lun\u0103, respectiv 12000 lei\/an.\u00a0<\/span><\/p><p><b>Target 36000 lei<\/b><\/p><p><b>Colectat deja: 21500 lei<\/b><\/p><p><strong>Dona\u021biile se pot face in contul funda\u021biei, specific\u00e2nd denumirea proiectului pentru face\u021bi dona\u021bia<\/strong><\/p><p><strong>FUNDA\u021aIA BUCKNER<\/strong><\/p><p><strong>CUI: 11664675<\/strong><\/p><p><strong>Banca: Banca Comercial\u0103 Rom\u00e2n\u0103<\/strong><\/p><p><strong>Cod IBAN:\u00a0RO27 RNCB 0188 0349 5465 0001<\/strong><\/p><p><b>\u00a0<\/b><\/p>\t\t\t\t\t\t<\/div>\n\t\t\t\t<\/div>\n\t\t\t\t<div class=\"elementor-element elementor-element-8175fc5 elementor-widget elementor-widget-heading\" data-id=\"8175fc5\" data-element_type=\"widget\" data-widget_type=\"heading.default\">\n\t\t\t\t<div class=\"elementor-widget-container\">\n\t\t\t<h2 class=\"elementor-heading-title elementor-size-default\">Contribuie la realizarea proiectului nostru<\/h2>\t\t<\/div>\n\t\t\t\t<\/div>\n\t\t\t\t\t<\/div>\n\t\t\t\t<\/div>\n\t\t<div class=\"elementor-element elementor-element-8ce1873 e-flex e-con-boxed e-con e-parent\" data-id=\"8ce1873\" data-element_type=\"container\" data-settings=\"{&quot;background_background&quot;:&quot;classic&quot;}\">\n\t\t\t\t\t<div class=\"e-con-inner\">\n\t\t\t\t<div class=\"elementor-element elementor-element-f816aea elementor-widget elementor-widget-text-editor\" data-id=\"f816aea\" data-element_type=\"widget\" data-widget_type=\"text-editor.default\">\n\t\t\t\t<div class=\"elementor-widget-container\">\n\t\t\t\t\t\t\t<p>\t<div id=\"give-form-6042-wrap\" class=\"give-form-wrap give-display-onpage\">\n\t\t<div class=\"give-goal-progress\">\n            <div class=\"raised\">\n            <span class=\"income\" data-amounts=\"{\n    &quot;RON&quot;: 0\n}\">RON 0<\/span> of <span class=\"goal-text\" data-amounts=\"{\n    &quot;RON&quot;: 25000\n}\">RON 25.000<\/span> raised        <\/div>\n    \n            <div class=\"progress-bar\">\n            <div class=\"give-progress-bar\" role=\"progressbar\" aria-valuemin=\"0\" aria-valuemax=\"100\" aria-valuenow=\"0\">\n                <span style=\"width:0%;background: linear-gradient(180deg, #2bc253 0%, #2bc253 100%), linear-gradient(180deg, #fff 0%, #ccc 100%); background-blend-mode: multiply;\"><\/span>\n            <\/div>\n        <\/div>\n    \n<\/div><!-- \/.goal-progress -->\n\n<div class=\"give_error give_warning\" id=\"give_error_test_mode\"><p><strong>Notice:<\/strong> Test mode is enabled. While in test mode no live donations are processed.<\/p><\/div>\t\t\t<form id=\"give-form-6042-1\" class=\"give-form give-form-6042 give-form-type-multi\" action=\"http:\/\/nou.buckner.ro\/remetea-mai-mult-decat-scoala\/?payment-mode=manual&#038;form-id=6042\" data-id=\"6042-1\" data-currency_symbol=\"RON\" data-currency_code=\"RON\" data-currency_position=\"before\" data-thousands_separator=\".\" data-decimal_separator=\",\" data-number_decimals=\"2\" method=\"post\">\n\t\t\t\t<!-- The following field is for robots only, invisible to humans: -->\n\t\t\t\t<span class=\"give-hidden\" style=\"display: none !important;\">\n\t\t\t\t\t<label for=\"give-form-honeypot-6042\"><\/label>\n\t\t\t\t\t<input id=\"give-form-honeypot-6042\" type=\"text\" name=\"give-honeypot\"\n\t\t\t\t\t\t   class=\"give-honeypot give-hidden\"\/>\n\t\t\t\t<\/span>\n\n\t\t\t\t\t<input type=\"hidden\" name=\"give-form-id-prefix\" value=\"6042-1\"\/>\n\t<input type=\"hidden\" name=\"give-form-id\" value=\"6042\"\/>\n\t<input type=\"hidden\" name=\"give-form-title\" value=\"Centrele de zi\"\/>\n\t<input type=\"hidden\" name=\"give-current-url\" value=\"http:\/\/nou.buckner.ro\/remetea-mai-mult-decat-scoala\/\"\/>\n\t<input type=\"hidden\" name=\"give-form-url\" value=\"http:\/\/nou.buckner.ro\/remetea-mai-mult-decat-scoala\/\"\/>\n\t\t\t<input type=\"hidden\" name=\"give-form-minimum\"\n\t\t\t   value=\"50.00\"\/>\n\t\t<input type=\"hidden\" name=\"give-form-maximum\"\n\t\t\t   value=\"10000.00\"\/>\n\t\t<input type=\"hidden\"  name=\"give-form-hash\" value=\"80ce6d180b\" data-time=\"1778598808\" data-nonce-life=\"86400\" data-donor-session=\"0\"\/><input type=\"hidden\" name=\"give-price-id\" value=\"3\"\/>\t\t<div class=\"give-total-wrap\">\n\t\t\t<div class=\"give-donation-amount form-row-wide\">\n\t\t\t\t<span class=\"give-currency-symbol give-currency-position-before\">RON<\/span>\t\t\t\t<label class=\"give-hidden\" for=\"give-amount\">Donation Amount:<\/label>\n\t\t\t\t<input class=\"give-text-input give-amount-top\" id=\"give-amount\" name=\"give-amount\" type=\"text\" inputmode=\"decimal\"\n\t\t\t\t\t   placeholder=\"\" value=\"100,00\" autocomplete=\"off\">\n\t\t\t\t\t\t\t<\/div>\n\t\t<\/div>\n\t\t<ul id=\"give-donation-level-button-wrap\" class=\"give-donation-levels-wrap give-list-inline\"><li><button type=\"button\" data-price-id=\"0\" class=\"give-donation-level-btn give-btn give-btn-level-0 \" value=\"50,00\" data-default=\"0\">RON 50,00<\/button><\/li><li><button type=\"button\" data-price-id=\"3\" class=\"give-donation-level-btn give-btn give-btn-level-3 give-default-level\" value=\"100,00\" data-default=\"1\">RON 100,00<\/button><\/li><li><button type=\"button\" data-price-id=\"5\" class=\"give-donation-level-btn give-btn give-btn-level-5 \" value=\"250,00\" data-default=\"0\">RON 250,00<\/button><\/li><li><button type=\"button\" data-price-id=\"custom\" class=\"give-donation-level-btn give-btn give-btn-level-custom\" value=\"custom\">Custom Amount<\/button><\/li><\/ul>\n\t<fieldset id=\"give-payment-mode-select\">\n\t\t\t\t<legend\n\t\t\tclass=\"give-payment-mode-label\">Select Payment Method\t\t\t<span class=\"give-loading-text\"><span\n\t\t\t\t\tclass=\"give-loading-animation\"><\/span>\n\t\t\t<\/span>\n\t\t<\/legend>\n\n\t\t<div id=\"give-payment-mode-wrap\">\n\t\t\t\t\t\t<ul id=\"give-gateway-radio-list\">\n\t\t\t\t\t\t\t\t\t\t<li class=\"give-gateway-option-selected\">\n\t\t\t\t\t\t\t<input type=\"radio\" name=\"payment-mode\" class=\"give-gateway\"\n\t\t\t\t\t\t\t\t   id=\"give-gateway-manual-6042-1\"\n\t\t\t\t\t\t\t\t   value=\"manual\" checked='checked'>\n\t\t\t\t\t\t\t<label for=\"give-gateway-manual-6042-1\"\n\t\t\t\t\t\t\t\t   class=\"give-gateway-option\"\n\t\t\t\t\t\t\t\t   id=\"give-gateway-option-manual\"> Test Donation<\/label>\n\t\t\t\t\t\t<\/li>\n\t\t\t\t\t\t\t\t\t\t\t\t<li>\n\t\t\t\t\t\t\t<input type=\"radio\" name=\"payment-mode\" class=\"give-gateway\"\n\t\t\t\t\t\t\t\t   id=\"give-gateway-offline-6042-1\"\n\t\t\t\t\t\t\t\t   value=\"offline\">\n\t\t\t\t\t\t\t<label for=\"give-gateway-offline-6042-1\"\n\t\t\t\t\t\t\t\t   class=\"give-gateway-option\"\n\t\t\t\t\t\t\t\t   id=\"give-gateway-option-offline\"> Offline Donation<\/label>\n\t\t\t\t\t\t<\/li>\n\t\t\t\t\t\t\t\t\t<\/ul>\n\t\t\t\t\t<\/div>\n\t\t\t<\/fieldset>\n\n\t\n\t<div id=\"give_purchase_form_wrap\">\n\n\t\t\t<fieldset id=\"give_checkout_user_info\" class=\"\">\n\t\t<legend>\n\t\t\tPersonal Info\t\t<\/legend>\n\n\t\t\n        <p id=\"give-first-name-wrap\" class=\"form-row form-row-first form-row-responsive\">\n            <label class=\"give-label\" for=\"give-first\">\n                First Name                                    <span class=\"give-required-indicator\">*<\/span>\n                                <span class=\"give-tooltip hint--top hint--medium hint--bounce\" aria-label=\"First Name is used to personalize your donation record.\" rel=\"tooltip\"><i class=\"give-icon give-icon-question\"><\/i><\/span>            <\/label>\n            <input\n                class=\"give-input required\"\n                type=\"text\"\n                name=\"give_first\"\n                autocomplete=\"given-name\"\n                placeholder=\"First Name\"\n                id=\"give-first\"\n                value=\"\"\n                 required aria-required=\"true\"             \/>\n        <\/p>\n\n        <p id=\"give-last-name-wrap\" class=\"form-row form-row-last form-row-responsive\">\n            <label class=\"give-label\" for=\"give-last\">\n                Last Name                                <span class=\"give-tooltip hint--top hint--medium hint--bounce\" aria-label=\"Last Name is used to personalize your donation record.\" rel=\"tooltip\"><i class=\"give-icon give-icon-question\"><\/i><\/span>            <\/label>\n\n            <input\n                class=\"give-input\"\n                type=\"text\"\n                name=\"give_last\"\n                autocomplete=\"family-name\"\n                id=\"give-last\"\n                placeholder=\"Last Name\"\n                value=\"\"\n                            \/>\n        <\/p>\n\n        \n                <p id=\"give-email-wrap\" class=\"form-row form-row-wide\">\n            <label class=\"give-label\" for=\"give-email\">\n                Email Address                                    <span class=\"give-required-indicator\">*<\/span>\n                                    <span class=\"give-tooltip hint--top hint--medium hint--bounce\" aria-label=\"We will send the donation receipt to this address.\" rel=\"tooltip\"><i class=\"give-icon give-icon-question\"><\/i><\/span>            <\/label>\n            <input\n                class=\"give-input required\"\n                type=\"email\"\n                name=\"give_email\"\n                autocomplete=\"email\"\n                placeholder=\"Email Address\"\n                id=\"give-email\"\n                value=\"\"\n                 required aria-required=\"true\"             \/>\n\n        <\/p>\n\n        \n\t\t\t\t\t<\/fieldset>\n\t\t<fieldset id=\"give_purchase_submit\" class=\"give-donation-submit\">\n\t\t\t<p id=\"give-final-total-wrap\" class=\"form-wrap \">\n\t\t\t\t<span class=\"give-donation-total-label\">\n\t\t\tDonation Total:\t\t<\/span>\n\t\t<span class=\"give-final-total-amount\"\n\t\t\t  data-total=\"100,00\">\n\t\t\tRON 100,00\t\t<\/span>\n\t\t\t<\/p>\n\t\t<input type=\"hidden\" name=\"give_action\" value=\"purchase\"\/>\n\t<input type=\"hidden\" name=\"give-gateway\" value=\"manual\"\/>\n\t\t<div class=\"give-submit-button-wrap give-clearfix\">\n\t\t<input type=\"submit\" class=\"give-submit give-btn\" id=\"give-purchase-button\" name=\"give-purchase\"\n\t\t\t   value=\"Donate Now\" data-before-validation-label=\"Donate Now\"\/>\n\t\t<span class=\"give-loading-animation\"><\/span>\n\t<\/div>\n\t\t<\/fieldset>\n\t\n\t<\/div>\n\n\t\t\t\t<\/form>\n\n\t\t\t\n\t<\/div><!--end #give-form-6042-->\n\t<\/p>\t\t\t\t\t\t<\/div>\n\t\t\t\t<\/div>\n\t\t\t\t\t<\/div>\n\t\t\t\t<\/div>\n\t\t\t\t<\/div>\n\t\t","protected":false},"excerpt":{"rendered":"<p>Remetea &#8211; Mai mult dec\u00e2t \u0218coalA Proiectul MMA \u00ee\u0219i propune s\u0103 investeasc\u0103 \u00een 35 de copiii care locuiesc \u00een zona Remetea din T\u00e2rgu Mure\u0219, nu doar din punct de vedere educa\u021bional, ci \u00een formarea lor ca adul\u021bi \u0219i indivizi: deprinderea de valori s\u0103n\u0103toase, formarea caracterului, abilit\u0103\u021bi sociale, respect pentru sine \u0219i pentru cei din jur, [&hellip;]<\/p>\n","protected":false},"author":1,"featured_media":6241,"parent":0,"menu_order":0,"comment_status":"closed","ping_status":"closed","template":"elementor_header_footer","meta":{"footnotes":""},"language":[],"class_list":["post-6377","page","type-page","status-publish","has-post-thumbnail","hentry"],"_links":{"self":[{"href":"https:\/\/nou.buckner.ro\/index.php\/wp-json\/wp\/v2\/pages\/6377","targetHints":{"allow":["GET"]}}],"collection":[{"href":"https:\/\/nou.buckner.ro\/index.php\/wp-json\/wp\/v2\/pages"}],"about":[{"href":"https:\/\/nou.buckner.ro\/index.php\/wp-json\/wp\/v2\/types\/page"}],"author":[{"embeddable":true,"href":"https:\/\/nou.buckner.ro\/index.php\/wp-json\/wp\/v2\/users\/1"}],"replies":[{"embeddable":true,"href":"https:\/\/nou.buckner.ro\/index.php\/wp-json\/wp\/v2\/comments?post=6377"}],"version-history":[{"count":13,"href":"https:\/\/nou.buckner.ro\/index.php\/wp-json\/wp\/v2\/pages\/6377\/revisions"}],"predecessor-version":[{"id":6456,"href":"https:\/\/nou.buckner.ro\/index.php\/wp-json\/wp\/v2\/pages\/6377\/revisions\/6456"}],"wp:featuredmedia":[{"embeddable":true,"href":"https:\/\/nou.buckner.ro\/index.php\/wp-json\/wp\/v2\/media\/6241"}],"wp:attachment":[{"href":"https:\/\/nou.buckner.ro\/index.php\/wp-json\/wp\/v2\/media?parent=6377"}],"wp:term":[{"taxonomy":"language","embeddable":true,"href":"https:\/\/nou.buckner.ro\/index.php\/wp-json\/wp\/v2\/language?post=6377"}],"curies":[{"name":"wp","href":"https:\/\/api.w.org\/{rel}","templated":true}]}}