{"id":6365,"date":"2025-01-20T12:13:49","date_gmt":"2025-01-20T12:13:49","guid":{"rendered":"https:\/\/nou.buckner.ro\/?page_id=6365"},"modified":"2025-01-21T09:48:42","modified_gmt":"2025-01-21T09:48:42","slug":"generatii","status":"publish","type":"page","link":"https:\/\/nou.buckner.ro\/index.php\/generatii\/","title":{"rendered":"Genera\u021bii"},"content":{"rendered":"\t\t<div data-elementor-type=\"wp-page\" data-elementor-id=\"6365\" class=\"elementor elementor-6365\">\n\t\t\t\t<div class=\"elementor-element elementor-element-c872a48 e-flex e-con-boxed e-con e-parent\" data-id=\"c872a48\" data-element_type=\"container\">\n\t\t\t\t\t<div class=\"e-con-inner\">\n\t\t\t\t<div class=\"elementor-element elementor-element-4556853 elementor-widget elementor-widget-text-editor\" data-id=\"4556853\" data-element_type=\"widget\" data-widget_type=\"text-editor.default\">\n\t\t\t\t<div class=\"elementor-widget-container\">\n\t\t\t\t\t\t\t<p><span style=\"font-weight: 400;\"><strong>Proiectul \u201cGenera\u0163ii \u2013 centrul comunit\u0103\u0163ii\u201d<\/strong> desf\u0103\u0219urat \u00een T\u00e2rn\u0103veni replic\u0103 modelul dezvoltat de Funda\u0163ia Principesa Margareta a Rom\u00e2niei \u00een Bucure\u0219ti \u0219i s-a concretizat sub forma unui centru educa\u0163ional de tip After-school de care au beneficiat \u00een principal elevi \u00een clasele V-VIII &#8211; provenind din medii vulnerabile- \u00eenscri\u015fi la \u015fcolile din T\u00e2rn\u0103veni. Prin intermediul acestui program ce se desf\u0103\u0219oar\u0103 la Centrul de Zi Buckner din T\u00e2rn\u0103veni copiii beneficiaz\u0103 de asisten\u021b\u0103 social\u0103, primesc ajutor la teme \u015fi sunt implica\u021bi \u00een activit\u0103\u0163i de educa\u0163ie non-formal\u0103 cu ajutorul unui num\u0103r de 8 voluntari seniori recruta\u021bi din comunitate. Obiectivul principal al proiectului este conectarea genera\u021biilor prin participarea la activit\u0103\u021bi comune care s\u0103 aib\u0103 ca rezultat dezvoltarea unor pun\u021bi \u00eentre genera\u021bii \u0219i transferul de experien\u021b\u0103 \u0219i cuno\u0219tin\u021be dinspre v\u00e2rstnici spre tineri. Funda\u021bia Buckner este beneficiar\u0103 a proiectului din 2015, iar proiectul se desf\u0103\u0219oar\u0103 de atunci \u00een fiecare an, pe durata anului \u0219colar.\u00a0<\/span><\/p>\t\t\t\t\t\t<\/div>\n\t\t\t\t<\/div>\n\t\t\t\t<div class=\"elementor-element elementor-element-3f20cbd elementor-widget elementor-widget-heading\" data-id=\"3f20cbd\" data-element_type=\"widget\" data-widget_type=\"heading.default\">\n\t\t\t\t<div class=\"elementor-widget-container\">\n\t\t\t<h2 class=\"elementor-heading-title elementor-size-default\">Proiectul \u201cGenera\u0163ii \u2013 centrul comunit\u0103\u0163ii\u201d<\/h2>\t\t<\/div>\n\t\t\t\t<\/div>\n\t\t\t\t<div class=\"elementor-element elementor-element-b4077eb elementor-widget elementor-widget-text-editor\" data-id=\"b4077eb\" data-element_type=\"widget\" data-widget_type=\"text-editor.default\">\n\t\t\t\t<div class=\"elementor-widget-container\">\n\t\t\t\t\t\t\t<p><span style=\"font-weight: 400;\">\u00cen acest an, \u00een premier\u0103, proiectul s-a extins \u0219i la <strong>Centrul de zi din Ormeni\u0219<\/strong> \u0219i astfel, pe l\u00e2ng\u0103 copiii claselor V-VIII de la Centrul de zi din T\u00e2rn\u0103veni \u2013 45 la num\u0103r, <strong>al\u021bi 35 de copii provenind din comunitatea vulnerabil\u0103 din Ormeni\u0219<\/strong> \u0219i care frecventeaz\u0103 centrul de zi deschis de funda\u021bie \u00een cadrul \u0219colii vor beneficia de activit\u0103\u021bi de socializare \u0219i de dezvoltare cu ajutorul voluntarilor seniori de la T\u00e2rn\u0103veni. La Ormeni\u0219, proiectul ofer\u0103 <strong>5 ateliere diferite<\/strong> care s\u0103 contribuie la dezvoltarea abilit\u0103\u021bilor \u0219i cuno\u0219tin\u021belor copiilor. Aceste ateliere desf\u0103\u0219oar\u0103 activit\u0103\u021bi s\u0103pt\u0103m\u00e2nale \u00een urm\u0103toarele domenii: t\u00e2mpl\u0103rie, buc\u0103t\u0103rie\/patiserie, pictur\u0103, sculptur\u0103, bunele maniere. \u00cen plus fa\u021b\u0103 de acestea, proiectul prevede realizarea temelor cu sprijinul voluntarilor seniori, o excursie tematic\u0103 \u0219i o activitate de ecologizare de pe raza localit\u0103\u021bii prin care copiii vor \u00eenv\u0103\u021ba c\u0103 pot contribui la bun\u0103starea propriei lor comunit\u0103\u021bi. Acelea\u0219i ateliere vor fi organizate \u0219i la Centrul de zi din T\u00e2rn\u0103veni, dar li se vor mai ad\u0103uga atelier de istorie-geografie \u0219i de croitorie.<\/span><\/p>\t\t\t\t\t\t<\/div>\n\t\t\t\t<\/div>\n\t\t\t\t<div class=\"elementor-element elementor-element-5cbf161 elementor-widget elementor-widget-image\" data-id=\"5cbf161\" data-element_type=\"widget\" data-widget_type=\"image.default\">\n\t\t\t\t<div class=\"elementor-widget-container\">\n\t\t\t\t\t\t\t\t\t\t\t\t\t<img decoding=\"async\" width=\"305\" height=\"86\" src=\"http:\/\/nou.buckner.ro\/wp-content\/uploads\/2023\/07\/FRMR.png\" class=\"attachment-large size-large wp-image-1070\" alt=\"\" srcset=\"http:\/\/nou.buckner.ro\/wp-content\/uploads\/2023\/07\/FRMR.png 305w, http:\/\/nou.buckner.ro\/wp-content\/uploads\/2023\/07\/FRMR-300x85.png 300w\" sizes=\"(max-width: 305px) 100vw, 305px\" \/>\t\t\t\t\t\t\t\t\t\t\t\t\t<\/div>\n\t\t\t\t<\/div>\n\t\t\t\t<div class=\"elementor-element elementor-element-e38b526 elementor-widget elementor-widget-text-editor\" data-id=\"e38b526\" data-element_type=\"widget\" data-widget_type=\"text-editor.default\">\n\t\t\t\t<div class=\"elementor-widget-container\">\n\t\t\t\t\t\t\t<p><strong>Proiectul se deruleaz\u0103 \u00een perioada Septembrie 2024 \u2013 Iunie 2025 \u0219i a beneficiat de un grant de \u2026. Euro din partea Funda\u021biei Principesa Margarea a Rom\u00e2niei \u0219i din partea Hochland Rom\u00e2nia.\u00a0<\/strong><\/p><p><span style=\"font-weight: 400;\">Dorin\u021ba noastr\u0103 este ca s\u0103 oferim posibilitatea ca un num\u0103r c\u00e2t mai mare de copii s\u0103 participe la toate ateliere oferite \u00een cadrul proiectului, lucru care acum nu este posibil din cauza resurselor limitate ale proiectului. De asemenea, excursia tematic\u0103 prevede momentan participarea a 10 copii, dar am dori ca un num\u0103r de 30 de copii s\u0103 poat\u0103 participa la aceasta pentru a-\u0219i l\u0103rgi orizonturile \u0219i pentru a avea experien\u021be speciale de care p\u00e2n\u0103 acum nu au avut parte. <\/span><\/p><p><strong>Pentru aceasta avem nevoie de \u00eenc\u0103 10000 de lei.<\/strong><\/p><p><strong>Dona\u021biile se pot face in contul funda\u021biei, specific\u00e2nd denumirea proiectului pentru face\u021bi dona\u021bia<\/strong><\/p><p><strong>FUNDA\u021aIA BUCKNER<\/strong><\/p><p><strong>CUI: 11664675<\/strong><\/p><p><strong>Banca: Banca Comercial\u0103 Rom\u00e2n\u0103<\/strong><\/p><p><strong>Cod IBAN:\u00a0RO27 RNCB 0188 0349 5465 000<\/strong><\/p>\t\t\t\t\t\t<\/div>\n\t\t\t\t<\/div>\n\t\t\t\t<div class=\"elementor-element elementor-element-e7822f4 elementor-widget elementor-widget-image\" data-id=\"e7822f4\" data-element_type=\"widget\" data-widget_type=\"image.default\">\n\t\t\t\t<div class=\"elementor-widget-container\">\n\t\t\t\t\t\t\t\t\t\t\t\t\t<img fetchpriority=\"high\" decoding=\"async\" width=\"1024\" height=\"576\" src=\"http:\/\/nou.buckner.ro\/wp-content\/uploads\/2025\/01\/Proiectul-Generatii-\u2013-centrul-comunitatii-Website-1024x576.jpg\" class=\"attachment-large size-large wp-image-6410\" alt=\"\" srcset=\"http:\/\/nou.buckner.ro\/wp-content\/uploads\/2025\/01\/Proiectul-Generatii-\u2013-centrul-comunitatii-Website-1024x576.jpg 1024w, http:\/\/nou.buckner.ro\/wp-content\/uploads\/2025\/01\/Proiectul-Generatii-\u2013-centrul-comunitatii-Website-300x169.jpg 300w, http:\/\/nou.buckner.ro\/wp-content\/uploads\/2025\/01\/Proiectul-Generatii-\u2013-centrul-comunitatii-Website-768x432.jpg 768w, http:\/\/nou.buckner.ro\/wp-content\/uploads\/2025\/01\/Proiectul-Generatii-\u2013-centrul-comunitatii-Website-600x337.jpg 600w, http:\/\/nou.buckner.ro\/wp-content\/uploads\/2025\/01\/Proiectul-Generatii-\u2013-centrul-comunitatii-Website.jpg 1366w\" sizes=\"(max-width: 1024px) 100vw, 1024px\" \/>\t\t\t\t\t\t\t\t\t\t\t\t\t<\/div>\n\t\t\t\t<\/div>\n\t\t\t\t\t<\/div>\n\t\t\t\t<\/div>\n\t\t<div class=\"elementor-element elementor-element-d9055cb e-flex e-con-boxed e-con e-parent\" data-id=\"d9055cb\" data-element_type=\"container\">\n\t\t\t\t\t<div class=\"e-con-inner\">\n\t\t\t\t\t<\/div>\n\t\t\t\t<\/div>\n\t\t\t\t<\/div>\n\t\t","protected":false},"excerpt":{"rendered":"<p>Proiectul \u201cGenera\u0163ii \u2013 centrul comunit\u0103\u0163ii\u201d desf\u0103\u0219urat \u00een T\u00e2rn\u0103veni replic\u0103 modelul dezvoltat de Funda\u0163ia Principesa Margareta a Rom\u00e2niei \u00een Bucure\u0219ti \u0219i s-a concretizat sub forma unui centru educa\u0163ional de tip After-school de care au beneficiat \u00een principal elevi \u00een clasele V-VIII &#8211; provenind din medii vulnerabile- \u00eenscri\u015fi la \u015fcolile din T\u00e2rn\u0103veni. Prin intermediul acestui program ce [&hellip;]<\/p>\n","protected":false},"author":1,"featured_media":5863,"parent":0,"menu_order":0,"comment_status":"closed","ping_status":"closed","template":"","meta":{"footnotes":""},"language":[],"class_list":["post-6365","page","type-page","status-publish","has-post-thumbnail","hentry"],"_links":{"self":[{"href":"https:\/\/nou.buckner.ro\/index.php\/wp-json\/wp\/v2\/pages\/6365","targetHints":{"allow":["GET"]}}],"collection":[{"href":"https:\/\/nou.buckner.ro\/index.php\/wp-json\/wp\/v2\/pages"}],"about":[{"href":"https:\/\/nou.buckner.ro\/index.php\/wp-json\/wp\/v2\/types\/page"}],"author":[{"embeddable":true,"href":"https:\/\/nou.buckner.ro\/index.php\/wp-json\/wp\/v2\/users\/1"}],"replies":[{"embeddable":true,"href":"https:\/\/nou.buckner.ro\/index.php\/wp-json\/wp\/v2\/comments?post=6365"}],"version-history":[{"count":10,"href":"https:\/\/nou.buckner.ro\/index.php\/wp-json\/wp\/v2\/pages\/6365\/revisions"}],"predecessor-version":[{"id":6413,"href":"https:\/\/nou.buckner.ro\/index.php\/wp-json\/wp\/v2\/pages\/6365\/revisions\/6413"}],"wp:featuredmedia":[{"embeddable":true,"href":"https:\/\/nou.buckner.ro\/index.php\/wp-json\/wp\/v2\/media\/5863"}],"wp:attachment":[{"href":"https:\/\/nou.buckner.ro\/index.php\/wp-json\/wp\/v2\/media?parent=6365"}],"wp:term":[{"taxonomy":"language","embeddable":true,"href":"https:\/\/nou.buckner.ro\/index.php\/wp-json\/wp\/v2\/language?post=6365"}],"curies":[{"name":"wp","href":"https:\/\/api.w.org\/{rel}","templated":true}]}}