{"id":37,"date":"2016-09-29T11:18:42","date_gmt":"2016-09-29T11:18:42","guid":{"rendered":"http:\/\/nou.buckner.ro\/?page_id=37"},"modified":"2016-09-29T17:10:30","modified_gmt":"2016-09-29T17:10:30","slug":"proiecte","status":"publish","type":"page","link":"https:\/\/nou.buckner.ro\/index.php\/proiecte\/","title":{"rendered":"Rezultate"},"content":{"rendered":"<p><del>\t\t\t<!-- Cool Timeline Free V2.9.8 -->\r\n\t\t\t<div class=\"ctl-wrapper\" role=\"region\" aria-label=\"Timeline\">\r\n\t\t\t\t<div class=\"ctl-before-content\"><div class=\"timeline-main-title\"><h1>Istoric Proiecte Buckner<\/h1><\/div><\/div>\t\t\t\t<div id=\"cool_timeline_1\" class=\"cool-timeline-wrapper ctl-both-sided ctl-vertical-wrapper\" >\r\n\t\t\t\t\t<div class=\"ctl-start\"><\/div>\r\n\t\t\t\t\t<!-- Timeline Container -->\r\n\t\t\t\t\t<div class=\"ctl-timeline ctl-timeline-container\" data-animation=\"none\">\r\n\t\t\t\t\t\t<!-- Center Line -->\r\n\t\t\t\t\t\t<div class=\"ctl-inner-line\" role=\"presentation\"><\/div>\r\n\t\t\t\t\t\t<!-- Timeline Content --><div  id=\"ctl-story-60\" class=\"ctl-story ctl-story-icon odd ctl-story-right\" data-aos=\"none\"   data-story-index=\"1\" role=\"article\"><!-- Story Icon --><div class=\"ctl-icon\"><i class=\"fa fa-clock-o\" aria-hidden=\"true\"><\/i><\/div> <!-- Story Arrow --><div class=\"ctl-arrow\"><\/div><!-- Story Content --><div class=\"ctl-content\"><!-- Story Title --><div class=\"ctl-title story-60\" aria-label=\"2\">2015<\/div><!-- Story Description --><div class=\"ctl-description\"><p>Proiectul \u201eSucces \u0219i independen\u021b\u0103\u201d implementat \u00een colaborare cu Funda\u021bia Transilvan\u0103 Alpha \u00ee\u0219i propune s\u0103 sprijine tineri \u0219i copii din T\u00e2rn\u0103veni, afla\u021bi \u00een situa\u021bii de risc, prin programe de dezvoltare a aptitudinilor acestora \u0219i prin \u00eembun\u0103t\u0103\u021birea competen\u021belor lor profesionale ca un pas spre succes \u0219i apoi independen\u021b\u0103. Proiectul finan\u021bat in cadrul<\/p>\n<\/div><\/div><\/div><!-- Timeline Content --><div  id=\"ctl-story-59\" class=\"ctl-story ctl-story-icon even ctl-story-left\" data-aos=\"none\"   data-story-index=\"2\" role=\"article\"><!-- Story Icon --><div class=\"ctl-icon\"><i class=\"fa fa-clock-o\" aria-hidden=\"true\"><\/i><\/div> <!-- Story Arrow --><div class=\"ctl-arrow\"><\/div><!-- Story Content --><div class=\"ctl-content\"><!-- Story Title --><div class=\"ctl-title story-59\" aria-label=\"2\">2015<\/div><!-- Story Description --><div class=\"ctl-description\"><p>Proiectul \u201cGenera\u0163ii\u201d a fost menit s\u0103 \u00eembun\u0103t\u0103\u0163easc\u0103 rezultatele \u015fcolare \u015fi deprinderile de via\u0163\u0103 independent\u0103 ale elevilor de nivel gimnazial din medii vulnerabile cu ajutorul unor voluntari afla\u0163i la v\u00e2rsta pension\u0103rii. Modelul dezvoltat de Funda\u021bia Principesa Margareta a Rom\u00e2niei, a fost implementat \u00een T\u00e2rn\u0103veni \u00een beneficiul a 30 de elevi, clasele<\/p>\n<\/div><\/div><\/div><!-- Timeline Content --><div  id=\"ctl-story-58\" class=\"ctl-story ctl-story-icon odd ctl-story-right\" data-aos=\"none\"   data-story-index=\"3\" role=\"article\"><!-- Story Icon --><div class=\"ctl-icon\"><i class=\"fa fa-clock-o\" aria-hidden=\"true\"><\/i><\/div> <!-- Story Arrow --><div class=\"ctl-arrow\"><\/div><!-- Story Content --><div class=\"ctl-content\"><!-- Story Title --><div class=\"ctl-title story-58\" aria-label=\"2\">2014<\/div><!-- Story Description --><div class=\"ctl-description\"><p>Campania ,,Eu b\u0103iat, tu fat\u0103 &#8211; mit \u015fi adev\u0103r despre via\u0163a sexual\u0103&#8221;, a fost o campanie de educare pentru copiii institutionaliza\u0163i din Jude\u0163ul Mure\u015f, cu obiectivul principal de prevenire a abuzurilor, sarcinilor nedorite \u015fi a bolilor de transmitere sexual\u0103 prin informare \u015fi educare. Campania a constat \u00een prezent\u0103ri adaptate v\u00e2rstei<\/p>\n<\/div><\/div><\/div><!-- Timeline Content --><div  id=\"ctl-story-57\" class=\"ctl-story ctl-story-icon even ctl-story-left\" data-aos=\"none\"   data-story-index=\"4\" role=\"article\"><!-- Story Icon --><div class=\"ctl-icon\"><i class=\"fa fa-clock-o\" aria-hidden=\"true\"><\/i><\/div> <!-- Story Arrow --><div class=\"ctl-arrow\"><\/div><!-- Story Content --><div class=\"ctl-content\"><!-- Story Title --><div class=\"ctl-title story-57\" aria-label=\"2\">2014<\/div><!-- Story Description --><div class=\"ctl-description\"><p>Campania ,,Elit\u0103 \u00een trafic&#8221;, campanie de con\u015ftientizare \u015fi educare \u00een liceele de pe raza Municipiului T\u00e2rgu Mure\u015f pe tema siguran\u0163ei rutiere. Campania \u201eElit\u0103 \u00een trafic\u201d a venit ca o completare \u0219i dezvoltare a tematicii promovate \u00een Campania \u201e\u00cempreun\u0103 pentru un trafic mai sigur\u201d, aten\u021bion\u00e2nd participan\u021bii la prezent\u0103ri, elevii claselor a<\/p>\n<\/div><\/div><\/div><!-- Timeline Content --><div  id=\"ctl-story-56\" class=\"ctl-story ctl-story-icon odd ctl-story-right\" data-aos=\"none\"   data-story-index=\"5\" role=\"article\"><!-- Story Icon --><div class=\"ctl-icon\"><i class=\"fa fa-clock-o\" aria-hidden=\"true\"><\/i><\/div> <!-- Story Arrow --><div class=\"ctl-arrow\"><\/div><!-- Story Content --><div class=\"ctl-content\"><!-- Story Title --><div class=\"ctl-title story-56\" aria-label=\"2\">2014<\/div><!-- Story Description --><div class=\"ctl-description\"><p>Proiectul ,,RISC &#8211; Responsabilitate, lmplicare, \u015ecoal\u0103, Comunitate&#8221; \u00een beneficiul elevilor de nivel gimnazial cu rezultate slabe la \u00eenv\u0103\u0163\u0103tur\u0103 \u015fi absenteism ridicat din T\u00e2rn\u0103veni, Baia Mare \u0219i Caransebe\u0219. Av\u00e2nd ca obiectiv principal prevenirea abandonului \u015fcolar \u015fi \u00eembun\u0103t\u0103\u0163irea rezultatelor \u015fcolare \u00een r\u00e2ndul elevilor de nivel gimnazial \u00een \u015fcoli cu elevi provenind din<\/p>\n<\/div><\/div><\/div><!-- Timeline Content --><div  id=\"ctl-story-55\" class=\"ctl-story ctl-story-icon even ctl-story-left\" data-aos=\"none\"   data-story-index=\"6\" role=\"article\"><!-- Story Icon --><div class=\"ctl-icon\"><i class=\"fa fa-clock-o\" aria-hidden=\"true\"><\/i><\/div> <!-- Story Arrow --><div class=\"ctl-arrow\"><\/div><!-- Story Content --><div class=\"ctl-content\"><!-- Story Title --><div class=\"ctl-title story-55\" aria-label=\"2\">2013<\/div><!-- Story Description --><div class=\"ctl-description\"><p>Campania ,,Preven\u0163ie \u015fi s\u0103n\u0103tate \u00een comunitate&#8221;, o campanie de evaluare a st\u0103rii de s\u0103n\u0103tate a comunit\u0103\u0163ii rome de pe raza Municipiului T\u00e2rn\u0103veni a fost finan\u021bat\u0103 de Agen\u021bia Na\u021bional\u0103 pentru Romi \u0219i \u00een cadrul proiectului 430 de persoane de na\u0163ionalitate rom\u0103 cu v\u00e2rste cuprinse \u00eentre 12 \u015fi 70 de ani au<\/p>\n<\/div><\/div><\/div><!-- Timeline Content --><div  id=\"ctl-story-54\" class=\"ctl-story ctl-story-icon odd ctl-story-right\" data-aos=\"none\"   data-story-index=\"7\" role=\"article\"><!-- Story Icon --><div class=\"ctl-icon\"><i class=\"fa fa-clock-o\" aria-hidden=\"true\"><\/i><\/div> <!-- Story Arrow --><div class=\"ctl-arrow\"><\/div><!-- Story Content --><div class=\"ctl-content\"><!-- Story Title --><div class=\"ctl-title story-54\" aria-label=\"2\">2013<\/div><!-- Story Description --><div class=\"ctl-description\"><p>Campania ,,Alege s\u0103 fii mam\u0103 la timpul potrivit!&#8221; o campanie de prevenire a sarcinilor \u00een r\u00e2ndul minorelor organizat\u0103 \u00een colaborare cu Direc\u021bia General\u0103 de Asisten\u021b\u0103 Social\u0103 \u0219i Protec\u021bia Copilului. Campania s-a desf\u0103\u0219urat cu preponderen\u021b\u0103 \u00een 6 localit\u0103\u0163i din Jude\u0163ul Mure\u015f cu inciden\u0163\u0103 mare de sarcini premature.\u00a0 Beneficiarele acestui proiect au<\/p>\n<\/div><\/div><\/div><!-- Timeline Content --><div  id=\"ctl-story-53\" class=\"ctl-story ctl-story-icon even ctl-story-left\" data-aos=\"none\"   data-story-index=\"8\" role=\"article\"><!-- Story Icon --><div class=\"ctl-icon\"><i class=\"fa fa-clock-o\" aria-hidden=\"true\"><\/i><\/div> <!-- Story Arrow --><div class=\"ctl-arrow\"><\/div><!-- Story Content --><div class=\"ctl-content\"><!-- Story Title --><div class=\"ctl-title story-53\" aria-label=\"2\">2013<\/div><!-- Story Description --><div class=\"ctl-description\"><p>Campania ,,\u00cempreun\u0103 pentru un trafic mai sigur&#8221;, o campanie de con\u015ftientizare \u015fi educare pe tema siguran\u0163ei rutiere desf\u0103\u0219urat\u0103 pe raza Municipiului T\u00e2rgu Mure\u015f. Proiectul finan\u021bat prin programul de responsabilitate social\u0103 HEINEKEN pentru Comunit\u0103\u021bi cu un grant \u00een valoare de 50.000,00 lei, a chemat comunitatea la responsabilitate \u0219i grij\u0103 pentru semeni<\/p>\n<\/div><\/div><\/div><!-- Timeline Content --><div  id=\"ctl-story-52\" class=\"ctl-story ctl-story-icon odd ctl-story-right\" data-aos=\"none\"   data-story-index=\"9\" role=\"article\"><!-- Story Icon --><div class=\"ctl-icon\"><i class=\"fa fa-clock-o\" aria-hidden=\"true\"><\/i><\/div> <!-- Story Arrow --><div class=\"ctl-arrow\"><\/div><!-- Story Content --><div class=\"ctl-content\"><!-- Story Title --><div class=\"ctl-title story-52\" aria-label=\"2\">2012<\/div><!-- Story Description --><div class=\"ctl-description\"><p>Lansare program \u201e\u0218coala M\u0103micilor\u201d, un program de cunoa\u0219tere \u0219i educare a mamelor copiilor \u00eenscri\u0219i \u00een programele Centrului de Dezvoltare a Comunit\u0103\u021bii din T\u00e2rn\u0103veni. Prin \u00eent\u00e2lniri lunare \u0219i evenimente anuale de mai multe zile, se \u00eencearc\u0103 apropierea de comunitate, \u00een\u021belegerea mai profund\u0103 a problematicii cu care se confrunt\u0103, \u0219i \u00een acela\u0219i<\/p>\n<\/div><\/div><\/div><!-- Timeline Content --><div  id=\"ctl-story-50\" class=\"ctl-story ctl-story-icon even ctl-story-left\" data-aos=\"none\"   data-story-index=\"10\" role=\"article\"><!-- Story Icon --><div class=\"ctl-icon\"><i class=\"fa fa-clock-o\" aria-hidden=\"true\"><\/i><\/div> <!-- Story Arrow --><div class=\"ctl-arrow\"><\/div><!-- Story Content --><div class=\"ctl-content\"><!-- Story Title --><div class=\"ctl-title story-50\" aria-label=\"2\">2009<\/div><!-- Story Description --><div class=\"ctl-description\"><p>Lansare Program After School \u00een cadrul Centrului de Dezvoltare a Comunit\u0103\u021bii Buckner din T\u00e2rn\u0103veni ca un program de sprijin educa\u021bional pentru elevi de \u0219coal\u0103 primar\u0103, absolven\u021bi ai Centrului de Zi, \u0219i nu numai. Programul After School venea ca o adi\u021bie logic\u0103 la programul Centrului de Zi, asigur\u00e2nd continuitate pentru beneficiarii<\/p>\n<\/div><\/div><\/div>\t\t\t\t\t<\/div>\r\n\t\t\t\t\t<div class=\"ctl-end\"><\/div>\r\n\t\t\t\t\t<nav class=\"ctl-pagination\" aria-label=\"Timeline Navigation\"><span class=\"page-numbers ctl-page-num\" role=\"status\"> Page 1 of 2<\/span> <span aria-current=\"page\" class=\"page-numbers current\">1<\/span>\n<a class=\"page-numbers\" href=\"https:\/\/nou.buckner.ro\/index.php\/wp-json\/wp\/v2\/pages\/37\/page\/2\/\">2<\/a>\n<a class=\"next page-numbers\" href=\"https:\/\/nou.buckner.ro\/index.php\/wp-json\/wp\/v2\/pages\/37\/page\/2\/\"><svg xmlns=\"http:\/\/www.w3.org\/2000\/svg\" height=\"1em\" viewBox=\"0 0 448 512\">\r\n\t\t\t\t<path d=\"M224.3 273l-136 136c-9.4 9.4-24.6 9.4-33.9 0l-22.6-22.6c-9.4-9.4-9.4-24.6 0-33.9l96.4-96.4-96.4-96.4c-9.4-9.4-9.4-24.6 0-33.9L54.3 103c9.4-9.4 24.6-9.4 33.9 0l136 136c9.5 9.4 9.5 24.6.1 34zm192-34l-136-136c-9.4-9.4-24.6-9.4-33.9 0l-22.6 22.6c-9.4 9.4-9.4 24.6 0 33.9l96.4 96.4-96.4 96.4c-9.4 9.4-9.4 24.6 0 33.9l22.6 22.6c9.4 9.4 24.6 9.4 33.9 0l136-136c9.4-9.2 9.4-24.4 0-33.8z\"\/>\r\n\t\t\t\t<\/svg><\/a><\/nav>\t\t\t\t<\/div>\r\n\t\t\t<\/div>\r\n\t\t\t<\/del><\/p>\n","protected":false},"excerpt":{"rendered":"","protected":false},"author":1,"featured_media":0,"parent":0,"menu_order":0,"comment_status":"closed","ping_status":"closed","template":"template-fullwidth.php","meta":{"footnotes":""},"language":[],"class_list":["post-37","page","type-page","status-publish","hentry"],"_links":{"self":[{"href":"https:\/\/nou.buckner.ro\/index.php\/wp-json\/wp\/v2\/pages\/37","targetHints":{"allow":["GET"]}}],"collection":[{"href":"https:\/\/nou.buckner.ro\/index.php\/wp-json\/wp\/v2\/pages"}],"about":[{"href":"https:\/\/nou.buckner.ro\/index.php\/wp-json\/wp\/v2\/types\/page"}],"author":[{"embeddable":true,"href":"https:\/\/nou.buckner.ro\/index.php\/wp-json\/wp\/v2\/users\/1"}],"replies":[{"embeddable":true,"href":"https:\/\/nou.buckner.ro\/index.php\/wp-json\/wp\/v2\/comments?post=37"}],"version-history":[{"count":3,"href":"https:\/\/nou.buckner.ro\/index.php\/wp-json\/wp\/v2\/pages\/37\/revisions"}],"predecessor-version":[{"id":61,"href":"https:\/\/nou.buckner.ro\/index.php\/wp-json\/wp\/v2\/pages\/37\/revisions\/61"}],"wp:attachment":[{"href":"https:\/\/nou.buckner.ro\/index.php\/wp-json\/wp\/v2\/media?parent=37"}],"wp:term":[{"taxonomy":"language","embeddable":true,"href":"https:\/\/nou.buckner.ro\/index.php\/wp-json\/wp\/v2\/language?post=37"}],"curies":[{"name":"wp","href":"https:\/\/api.w.org\/{rel}","templated":true}]}}