{"id":144,"date":"2016-11-25T06:54:08","date_gmt":"2016-11-25T06:54:08","guid":{"rendered":"http:\/\/nou.buckner.ro\/?page_id=144"},"modified":"2025-01-21T14:03:23","modified_gmt":"2025-01-21T14:03:23","slug":"stiri","status":"publish","type":"page","link":"https:\/\/nou.buckner.ro\/index.php\/stiri\/","title":{"rendered":"Stiri"},"content":{"rendered":"\t\t<div data-elementor-type=\"wp-page\" data-elementor-id=\"144\" class=\"elementor elementor-144\">\n\t\t\t\t<div class=\"elementor-element elementor-element-f77f3f3 e-grid e-con-boxed e-con e-parent\" data-id=\"f77f3f3\" data-element_type=\"container\">\n\t\t\t\t\t<div class=\"e-con-inner\">\n\t\t\t\t<div class=\"elementor-element elementor-element-0ca1f1c elementor-widget elementor-widget-text-editor\" data-id=\"0ca1f1c\" data-element_type=\"widget\" data-widget_type=\"text-editor.default\">\n\t\t\t\t<div class=\"elementor-widget-container\">\n\t\t\t\t\t\t\t<p><blockquote class=\"wp-embedded-content\" data-secret=\"WjOoVbqAud\"><a href=\"https:\/\/nou.buckner.ro\/index.php\/2024\/11\/26\/campania-cutia-bucuriei-2024-2\/\">Campania Cutia Bucuriei, edi\u021bia  2024<\/a><\/blockquote><iframe class=\"wp-embedded-content\" sandbox=\"allow-scripts\" security=\"restricted\" style=\"position: absolute; visibility: hidden;\" title=\"&#8222;Campania Cutia Bucuriei, edi\u021bia  2024&#8221; &#8211; BUCKNER\" src=\"https:\/\/nou.buckner.ro\/index.php\/2024\/11\/26\/campania-cutia-bucuriei-2024-2\/embed\/#?secret=Ee1BLwtggy#?secret=WjOoVbqAud\" data-secret=\"WjOoVbqAud\" width=\"500\" height=\"282\" frameborder=\"0\" marginwidth=\"0\" marginheight=\"0\" scrolling=\"no\"><\/iframe><\/p>\t\t\t\t\t\t<\/div>\n\t\t\t\t<\/div>\n\t\t\t\t<div class=\"elementor-element elementor-element-735cda2 elementor-widget elementor-widget-text-editor\" data-id=\"735cda2\" data-element_type=\"widget\" data-widget_type=\"text-editor.default\">\n\t\t\t\t<div class=\"elementor-widget-container\">\n\t\t\t\t\t\t\t<p><blockquote class=\"wp-embedded-content\" data-secret=\"JWqaMd8qrB\"><a href=\"https:\/\/nou.buckner.ro\/index.php\/2024\/06\/04\/rezultatele-proiectului-pas-cu-pas-spre-sanatate\/\">Rezultatele proiectului Pas cu pas spre S\u0103n\u0103tate<\/a><\/blockquote><iframe class=\"wp-embedded-content\" sandbox=\"allow-scripts\" security=\"restricted\" style=\"position: absolute; visibility: hidden;\" title=\"&#8222;Rezultatele proiectului Pas cu pas spre S\u0103n\u0103tate&#8221; &#8211; BUCKNER\" src=\"https:\/\/nou.buckner.ro\/index.php\/2024\/06\/04\/rezultatele-proiectului-pas-cu-pas-spre-sanatate\/embed\/#?secret=Sd8AmqMwMN#?secret=JWqaMd8qrB\" data-secret=\"JWqaMd8qrB\" width=\"500\" height=\"282\" frameborder=\"0\" marginwidth=\"0\" marginheight=\"0\" scrolling=\"no\"><\/iframe><\/p>\t\t\t\t\t\t<\/div>\n\t\t\t\t<\/div>\n\t\t\t\t<div class=\"elementor-element elementor-element-1476e23 elementor-widget elementor-widget-text-editor\" data-id=\"1476e23\" data-element_type=\"widget\" data-widget_type=\"text-editor.default\">\n\t\t\t\t<div class=\"elementor-widget-container\">\n\t\t\t\t\t\t\t<p><blockquote class=\"wp-embedded-content\" data-secret=\"LZ34a4k87I\"><a href=\"https:\/\/nou.buckner.ro\/index.php\/2024\/05\/14\/vizita-ceo-kaufland-la-centrul-de-zi-buckner\/\">Vizita CEO Kaufland la Centrul de zi Buckner<\/a><\/blockquote><iframe class=\"wp-embedded-content\" sandbox=\"allow-scripts\" security=\"restricted\" style=\"position: absolute; visibility: hidden;\" title=\"&#8222;Vizita CEO Kaufland la Centrul de zi Buckner&#8221; &#8211; BUCKNER\" src=\"https:\/\/nou.buckner.ro\/index.php\/2024\/05\/14\/vizita-ceo-kaufland-la-centrul-de-zi-buckner\/embed\/#?secret=nbR1SCzQmz#?secret=LZ34a4k87I\" data-secret=\"LZ34a4k87I\" width=\"500\" height=\"282\" frameborder=\"0\" marginwidth=\"0\" marginheight=\"0\" scrolling=\"no\"><\/iframe><\/p>\t\t\t\t\t\t<\/div>\n\t\t\t\t<\/div>\n\t\t\t\t<div class=\"elementor-element elementor-element-16bc732 elementor-widget elementor-widget-text-editor\" data-id=\"16bc732\" data-element_type=\"widget\" data-widget_type=\"text-editor.default\">\n\t\t\t\t<div class=\"elementor-widget-container\">\n\t\t\t\t\t\t\t<p><blockquote class=\"wp-embedded-content\" data-secret=\"CgOOl5eOHn\"><a href=\"https:\/\/nou.buckner.ro\/index.php\/2023\/10\/18\/pas-cu-pas-spre-sanatate-proiect-nou-finantat-de-kaufland-romania\/\">Pas cu pas spre S\u0103n\u0103tate, proiect nou finan\u021bat de Kaufland Romania<\/a><\/blockquote><iframe class=\"wp-embedded-content\" sandbox=\"allow-scripts\" security=\"restricted\" style=\"position: absolute; visibility: hidden;\" title=\"&#8222;Pas cu pas spre S\u0103n\u0103tate, proiect nou finan\u021bat de Kaufland Romania&#8221; &#8211; BUCKNER\" src=\"https:\/\/nou.buckner.ro\/index.php\/2023\/10\/18\/pas-cu-pas-spre-sanatate-proiect-nou-finantat-de-kaufland-romania\/embed\/#?secret=6YlDzbsIwB#?secret=CgOOl5eOHn\" data-secret=\"CgOOl5eOHn\" width=\"500\" height=\"282\" frameborder=\"0\" marginwidth=\"0\" marginheight=\"0\" scrolling=\"no\"><\/iframe><\/p>\t\t\t\t\t\t<\/div>\n\t\t\t\t<\/div>\n\t\t\t\t<div class=\"elementor-element elementor-element-18d20b4 elementor-widget elementor-widget-text-editor\" data-id=\"18d20b4\" data-element_type=\"widget\" data-widget_type=\"text-editor.default\">\n\t\t\t\t<div class=\"elementor-widget-container\">\n\t\t\t\t\t\t\t<p><blockquote class=\"wp-embedded-content\" data-secret=\"DB1qe11gPB\"><a href=\"https:\/\/nou.buckner.ro\/index.php\/2023\/06\/06\/1069\/\">Punte \u00eentre genera\u021bii &#8211; proiect finan\u021bat de Funda\u021bia Regal\u0103 Margareta a Rom\u00e2niei<\/a><\/blockquote><iframe class=\"wp-embedded-content\" sandbox=\"allow-scripts\" security=\"restricted\" style=\"position: absolute; visibility: hidden;\" title=\"&#8222;Punte \u00eentre genera\u021bii &#8211; proiect finan\u021bat de Funda\u021bia Regal\u0103 Margareta a Rom\u00e2niei&#8221; &#8211; BUCKNER\" src=\"https:\/\/nou.buckner.ro\/index.php\/2023\/06\/06\/1069\/embed\/#?secret=Oe5zTlsS6D#?secret=DB1qe11gPB\" data-secret=\"DB1qe11gPB\" width=\"500\" height=\"282\" frameborder=\"0\" marginwidth=\"0\" marginheight=\"0\" scrolling=\"no\"><\/iframe><\/p>\t\t\t\t\t\t<\/div>\n\t\t\t\t<\/div>\n\t\t\t\t<div class=\"elementor-element elementor-element-95222f2 elementor-widget elementor-widget-text-editor\" data-id=\"95222f2\" data-element_type=\"widget\" data-widget_type=\"text-editor.default\">\n\t\t\t\t<div class=\"elementor-widget-container\">\n\t\t\t\t\t\t\t<p><blockquote class=\"wp-embedded-content\" data-secret=\"Bw7tbopfs8\"><a href=\"https:\/\/nou.buckner.ro\/index.php\/2023\/06\/30\/anunt-achizitie-kit-uri-de-sanatate\/\">Anunt achizitie Kit-uri de sanatate<\/a><\/blockquote><iframe class=\"wp-embedded-content\" sandbox=\"allow-scripts\" security=\"restricted\" style=\"position: absolute; visibility: hidden;\" title=\"&#8222;Anunt achizitie Kit-uri de sanatate&#8221; &#8211; BUCKNER\" src=\"https:\/\/nou.buckner.ro\/index.php\/2023\/06\/30\/anunt-achizitie-kit-uri-de-sanatate\/embed\/#?secret=iBhTYe77N7#?secret=Bw7tbopfs8\" data-secret=\"Bw7tbopfs8\" width=\"500\" height=\"282\" frameborder=\"0\" marginwidth=\"0\" marginheight=\"0\" scrolling=\"no\"><\/iframe><\/p>\t\t\t\t\t\t<\/div>\n\t\t\t\t<\/div>\n\t\t\t\t\t<\/div>\n\t\t\t\t<\/div>\n\t\t\t\t<\/div>\n\t\t","protected":false},"excerpt":{"rendered":"<p>Campania Cutia Bucuriei, edi\u021bia 2024 Rezultatele proiectului Pas cu pas spre S\u0103n\u0103tate Vizita CEO Kaufland la Centrul de zi Buckner Pas cu pas spre S\u0103n\u0103tate, proiect nou finan\u021bat de Kaufland Romania Punte \u00eentre genera\u021bii &#8211; proiect finan\u021bat de Funda\u021bia Regal\u0103 Margareta a Rom\u00e2niei Anunt achizitie Kit-uri de sanatate<\/p>\n","protected":false},"author":1,"featured_media":0,"parent":0,"menu_order":0,"comment_status":"closed","ping_status":"closed","template":"elementor_header_footer","meta":{"footnotes":""},"language":[],"class_list":["post-144","page","type-page","status-publish","hentry"],"_links":{"self":[{"href":"https:\/\/nou.buckner.ro\/index.php\/wp-json\/wp\/v2\/pages\/144","targetHints":{"allow":["GET"]}}],"collection":[{"href":"https:\/\/nou.buckner.ro\/index.php\/wp-json\/wp\/v2\/pages"}],"about":[{"href":"https:\/\/nou.buckner.ro\/index.php\/wp-json\/wp\/v2\/types\/page"}],"author":[{"embeddable":true,"href":"https:\/\/nou.buckner.ro\/index.php\/wp-json\/wp\/v2\/users\/1"}],"replies":[{"embeddable":true,"href":"https:\/\/nou.buckner.ro\/index.php\/wp-json\/wp\/v2\/comments?post=144"}],"version-history":[{"count":4,"href":"https:\/\/nou.buckner.ro\/index.php\/wp-json\/wp\/v2\/pages\/144\/revisions"}],"predecessor-version":[{"id":6525,"href":"https:\/\/nou.buckner.ro\/index.php\/wp-json\/wp\/v2\/pages\/144\/revisions\/6525"}],"wp:attachment":[{"href":"https:\/\/nou.buckner.ro\/index.php\/wp-json\/wp\/v2\/media?parent=144"}],"wp:term":[{"taxonomy":"language","embeddable":true,"href":"https:\/\/nou.buckner.ro\/index.php\/wp-json\/wp\/v2\/language?post=144"}],"curies":[{"name":"wp","href":"https:\/\/api.w.org\/{rel}","templated":true}]}}