{"id":1048,"date":"2023-02-02T14:23:11","date_gmt":"2023-02-02T14:23:11","guid":{"rendered":"http:\/\/nou.buckner.ro\/?page_id=1048"},"modified":"2025-03-12T13:46:36","modified_gmt":"2025-03-12T13:46:36","slug":"campania-3-5-editia-2024","status":"publish","type":"page","link":"https:\/\/nou.buckner.ro\/index.php\/campania-3-5-editia-2024\/","title":{"rendered":"Campania 3.5% editia 2025"},"content":{"rendered":"<p><span style=\"font-weight: 400; color: #000000;\">Tu \u0219tii ce se \u00eent\u00e2mpl\u0103 cu cei 3,5% din impozitul t\u0103u pe venit? \u00cei redirec\u021bionezi c\u0103tre o cauz\u0103 important\u0103 sau la\u0219i statul s\u0103 se foloseasc\u0103 de ei? Fiecare declara\u021bie pe care o completezi pentru redirec\u021bionarea celor 3,5% c\u0103tre Funda\u021bia Buckner, ajut\u0103 la educarea copiilor vulnerabili \u0219i la construirea unui viitor mai bun pentru ei!<\/span><\/p>\n<p><span style=\"font-weight: 400; color: #000000;\">Cu un gest simplu, dar puternic, po\u021bi schimba vie\u021bile celor cu care lucr\u0103m \u0219i po\u021bi ajuta la \u00eemplinirea viselor lor.<\/span><\/p>\n<p><span style=\"color: #000000;\"><strong>REDIREC\u021aIONEAZ\u0102 3,5% DIN IMPOZITUL T\u0102U PE VENIT C\u0102TRE FUNDA\u021aIA BUCKNER P\u00c2N\u0102 PE 25 MAI 2025!<\/strong><\/span><\/p>\n<p><br style=\"font-weight: 400;\" \/><br style=\"font-weight: 400;\" \/><\/p>\n<p><span style=\"color: #000000;\"><img decoding=\"async\" class=\"alignleft\" src=\"http:\/\/nou.buckner.ro\/wp-content\/uploads\/2022\/03\/1.png\" alt=\"\" width=\"82\" height=\"82\" \/><strong>DESCARC\u0102 FORMULARUL 230 <a style=\"color: #000000;\" href=\"http:\/\/nou.buckner.ro\/wp-content\/uploads\/2025\/03\/Formular-3.5_2024_1-4.pdf\">AICI<\/a><\/strong><\/span><\/p>\n<p><span style=\"color: #000000;\">Ca s\u0103 \u00eel po\u021bi desc\u0103rca \u0219i vizualiza pe computerul t\u0103u ai nevoie de aplica\u021bia <a style=\"color: #000000;\" href=\"https:\/\/get.adobe.com\/ro\/reader\">Adobe Reader<\/a> instalat\u0103.<\/span><\/p>\n<p><span style=\"color: #000000;\"><img decoding=\"async\" class=\"alignleft\" src=\"http:\/\/nou.buckner.ro\/wp-content\/uploads\/2022\/03\/2.png\" alt=\"\" width=\"79\" height=\"79\" \/><\/span><\/p>\n<p><span style=\"color: #000000;\"><strong>CUM PO\u021aI FACE ASTA?<\/strong><\/span><\/p>\n<ol>\n<li style=\"font-weight: 400;\" aria-level=\"1\"><span style=\"font-weight: 400; color: #000000;\">Completeaz\u0103 formularul 230, dac\u0103 \u00een anul precedent ai realizat venituri din salarii sau pensie.<\/span><\/li>\n<li style=\"font-weight: 400;\" aria-level=\"1\"><span style=\"font-weight: 400; color: #000000;\">Completeaz\u0103 declara\u021bia unic\u0103 online, dac\u0103 ai realizat venituri din activit\u0103\u021bi independente sau PFA.<\/span><\/li>\n<li style=\"font-weight: 400;\" aria-level=\"1\"><span style=\"font-weight: 400; color: #000000;\">Redirec\u021bionaz\u0103 impozitul pe profit\/impozitul pe venit prin completarea formularului pentru pl\u0103titorii de impozit pe profit sau de impozit pe veniturile micro\u00eentreprinderilor, formularul 177 \u201eCerere privind redirec\u021bionarea impozitului pe profit\/impozitului pe veniturile micro\u00eentreprinderilor\u201d \u0219i alege s\u0103 sponsorizezi astfel Funda\u021bia Buckner Rom\u00e2na,\u00a0<\/span><\/li>\n<\/ol>\n<p><span style=\"font-weight: 400; color: #000000;\">UN FORMULAR COMPLETAT POATE SCHIMBA O VIA\u021a\u0102!\u00a0<\/span><\/p>\n<p><span style=\"color: #000000;\"><strong>CUM COMPLETEZI FORMULARUL 230?<\/strong><\/span><\/p>\n<p><span style=\"font-weight: 400; color: #000000;\"><strong>Pasul 1.<\/strong> Descarc\u0103 Formularul 230 pe telefon sau calculator <a style=\"color: #000000;\" href=\"http:\/\/nou.buckner.ro\/wp-content\/uploads\/2025\/03\/Formular-3.5_2024_1-4.pdf\">AICI\u00a0<\/a><\/span><\/p>\n<p><span style=\"font-weight: 400; color: #000000;\"><strong>Pasul 2.<\/strong> Completeaz\u0103 c\u00e2mpurile editabile cu datele personale \u0219i bifeaz\u0103 redirec\u021bionarea sumei pentru o perioad\u0103 de 2 ani, la pct II.2, dac\u0103 dore\u0219ti;<\/span><\/p>\n<p><span style=\"font-weight: 400; color: #000000;\"><strong>Pasul 3<\/strong>. Semneaz\u0103 formularul printat sau olograf prin Adobe Reader: Alege op\u021biunea Completare \u0219i Semnare din partea dreapt\u0103, apoi apas\u0103 pe pictograma unui stilou de sus unde scrie Semnare. Deseneaz\u0103 cu mouse-ul semn\u0103tura sau prin \u00eenc\u0103rcarea imaginii acesteia la Semn\u0103tur\u0103 Contribuabil;<\/span><\/p>\n<p><span style=\"color: #000000;\"><span style=\"font-weight: 400;\"><strong>Pasul 4.<\/strong> Trimite formularul completat pe adresa <\/span><span style=\"font-weight: 400;\">office@buckner.ro<\/span><span style=\"font-weight: 400;\"> \u0219i ne ocup\u0103m noi de depunerea acestuia la ANAF.<\/span><\/span><\/p>\n<p><span style=\"color: #000000;\"><strong>CUM COMPLETEZI DECLARA\u021aIA UNIC\u0102 PENTRU A REDIREC\u021aIONA 3,5%?<\/strong><\/span><\/p>\n<p><span style=\"color: #000000;\"><span style=\"font-weight: 400;\"><strong>Pasul 1.<\/strong> Acceseaz\u0103 Declara\u021bia Unic\u0103 de pe website-ul ANAF <\/span><a style=\"color: #000000;\" href=\"http:\/\/nou.buckner.ro\/wp-content\/uploads\/2025\/03\/Formular-3.5_2024_1-4.pdf\"><span style=\"font-weight: 400;\">https:\/\/static.anaf.ro\/static\/10\/Anaf\/Declaratii_R\/declaratie_unica.html<\/span><\/a><span style=\"font-weight: 400;\">\u00a0<\/span><\/span><\/p>\n<p><span style=\"font-weight: 400; color: #000000;\"><strong>Pasul 2.<\/strong> Bifeaz\u0103 la Sec\u021biunea I9 &#8211; Destina\u021bia sumei reprezent\u00e2nd p\u00e2n\u0103 la 3,5% din impozitul datorat pe venitul net; iar la pagina 3 bifeaz\u0103 Sus\u021binerea unei entit\u0103\u021bi non-profit \u0219i procentul 3,5%<\/span><\/p>\n<p><span style=\"font-weight: 400; color: #000000;\"><strong>Pasul 3.<\/strong> Completeaz\u0103 datele de mai jos la sec\u021biunea I9 &#8211; Date de identificare a entit\u0103\u021bii non-profit\u00a0<\/span><\/p>\n<p><span style=\"font-weight: 400; color: #000000;\">FUNDATIA BUCKNER<\/span><\/p>\n<p><span style=\"font-weight: 400; color: #000000;\">Cod de identificare fiscal\u0103: 11664675<\/span><\/p>\n<p><span style=\"font-weight: 400; color: #000000;\">IBAN: RO27RNCB0188034954650001<\/span><\/p>\n<p><span style=\"color: #000000;\"><strong>CUM COMPLETEZI FORMULARUL 177?<\/strong><\/span><\/p>\n<p><span style=\"font-weight: 400; color: #000000;\">Conform Ordinului nr. 1679\/2022 al pre\u0219edintelui Agen\u021biei Na\u021bionale de Administrare Fiscal\u0103 (OPANAF) redirec\u0163ionarea poate fi dispus\u0103 de pl\u0103titorii de impozit pe profit sau de impozit pe veniturile micro\u00eentreprinderilor \u00een termen de \u0219ase luni de la termenul legal de depunere a declara\u021biei anuale de impozit pe profit, respectiv \u00een termen de maximum \u0219ase luni de la data depunerii declara\u021biei de impozit pe veniturile micro\u00eentreprinderilor aferente trimestrului IV al anului 2022.<\/span><\/p>\n<p><span style=\"color: #000000;\"><strong>DE CE S\u0102 REDIREC\u021aIONEZI 3,5% SAU IMPOZITUL T\u0102U PE PROFIT C\u0102TRE FUNDA\u021aIA BUCKNER?<\/strong><\/span><\/p>\n<ul>\n<li style=\"font-weight: 400;\" aria-level=\"1\"><span style=\"font-weight: 400; color: #000000;\">Redirec\u021bion\u00e2nd 3.5% din impozitul t\u0103u pe venit c\u0103tre Funda\u021bia Buckner, po\u021bi oferi o \u0219ans\u0103 tinerilor arti\u0219ti din familii cu lipsuri financiare \u0219i materiale, s\u0103 se dezvolte \u0219i s\u0103 se afirme.<\/span><\/li>\n<\/ul>\n<ul>\n<li style=\"font-weight: 400;\" aria-level=\"1\"><span style=\"font-weight: 400; color: #000000;\">Redirec\u021bion\u00e2nd 3.5% din impozitul t\u0103u pe venit c\u0103tre Funda\u021bia Buckner, po\u021bi ajuta la echiparea a peste 250 de copii provenind din familii vulnerabile, din\u00a0 comunele Vii\u0219oara, Zag\u0103r \u0219i S\u00eenpetru de C\u00e2mpie, de pe strada Remetea din T\u00e2rgu Mure\u0219, de la Centrul de Zi Buckner T\u00e2rn\u0103veni cu rechizite pentru \u0219coal\u0103, cu \u00eembr\u0103c\u0103minte \u0219i cu \u00eenc\u0103l\u021b\u0103minte.<\/span><\/li>\n<li style=\"font-weight: 400;\" aria-level=\"1\"><span style=\"font-weight: 400; color: #000000;\">Redirec\u021bion\u00e2nd 3.5% spre Funda\u021bia Buckner, sus\u021bii atelierele noastre voca\u021bionale pentru ca, tinerii ce frecventeaz\u0103 Centrul de zi T\u00e2rn\u0103veni s\u0103 aib\u0103 posibilitatea de a \u00eenv\u0103\u021ba o meserie.<\/span><\/li>\n<li style=\"font-weight: 400;\" aria-level=\"1\"><span style=\"font-weight: 400; color: #000000;\">Redirec\u021bion\u00e2nd 3.5% din impozitul t\u0103u pe venit c\u0103tre Funda\u021bia Buckner, po\u021bi ajuta o familie din programul ARC s\u0103 aib\u0103 parte de un trai mai decent prin asigurarea unui pachet lunar de alimente de baz\u0103.<\/span><\/li>\n<li style=\"font-weight: 400;\" aria-level=\"1\"><span style=\"font-weight: 400; color: #000000;\">Redirec\u021bion\u00e2nd 3.5% din impozitul t\u0103u pe venit c\u0103tre Funda\u021bia Buckner, po\u021bi face ca S\u0103rb\u0103torile Pascale s\u0103 fie mai frumoase \u0219ii mai pline de speran\u021b\u0103 pentru copiii \u0219i familiile defavorizate cu care lucr\u0103m, asigur\u00e2ndu-le un pachet de alimente pentru masa de s\u0103rb\u0103toare.<\/span><\/li>\n<\/ul>\n<p><span style=\"font-weight: 400; color: #000000;\">Funda\u021bia Buckner Rom\u00e2nia \u00ee\u021bi mul\u021bume\u0219te pentru implicarea \u00een sprijinirea celor mai vulnerabili dintre noi. \u00ce\u021bi suntem recunosc\u0103tori pentru ajutorul oferit beneficiarilor no\u0219tri, copiilor \u0219i familiilor acestora, prin completarea declara\u021biei 230 \u0219i a declara\u021biei unice!<\/span><\/p>\n<p><span style=\"color: #000000;\"><span style=\"font-weight: 400;\">Contacteaz\u0103-ne pentru detalii la telefon 0727746638 sau pe adresa <\/span><span style=\"font-weight: 400;\">office@buckner.ro<\/span><\/span><\/p>\n<p><span style=\"color: #000000;\"><img decoding=\"async\" class=\"alignleft\" src=\"http:\/\/nou.buckner.ro\/wp-content\/uploads\/2022\/03\/4.jpg\" alt=\"\" width=\"71\" height=\"71\" \/><strong>INTREBARI FRECVENTE<\/strong><\/span><\/p>\n<p><span style=\"color: #000000;\"><strong>1. P\u00e2n\u0103 c\u00e2nd se pot depune formularele?<\/strong><\/span><\/p>\n<p><span style=\"color: #000000;\">P\u00e2n\u0103 \u00een data de 25 mai 2025.<\/span><\/p>\n<p><span style=\"color: #000000;\"><strong>2. Ai un formular 230 printat dar f\u0103r\u0103 datele noastre?<\/strong><\/span><\/p>\n<p><span style=\"color: #000000;\">Po\u021bi s\u0103 \u00eel completezi de m\u00e2n\u0103 \u0219i la sec\u021biunea II, subpunctul 2. Sus\u021binerea unei entit\u0103\u021bi nonprofit\/unit\u0103\u021bi de cult. Iat\u0103 datele mai jos:<\/span><br \/>\n<span style=\"color: #000000;\">FUNDATIA BUCKNER<\/span><br \/>\n<span style=\"color: #000000;\">Cod de identificare fiscal\u0103: 11664675<\/span><\/p>\n<p><span style=\"color: #000000;\">IBAN: RO27RNCB0188034954650001<\/span><\/p>\n<p><span style=\"color: #000000;\"><strong>3. Care este Administra\u021bia Financiar\u0103 de care apar\u021bin?<\/strong><\/span><\/p>\n<p><span style=\"color: #000000;\">Administra\u021bia Financiar\u0103 de care apar\u021bii este cea din localitatea de domiciliu trecut\u0103 \u00een cartea de identitate.<\/span><\/p>\n<p><span style=\"color: #000000;\"><strong>4. De ce formularele 230 de completeaz\u0103 pentru anul trecut?<\/strong><\/span><\/p>\n<p><span style=\"color: #000000;\">Procentul de 3.5% din impozitul pe venit se calculeaz\u0103 pe un an \u00eentreg din impozitul pe venitul t\u0103u deja \u00eencasat de stat. Complet\u00e2nd formularul 230 \u00een 2025, tu dispui de redirec\u021bionarea celor 3.5% aferen\u021bi anului 2024. Po\u021bi s\u0103 completezi formularul chiar dac\u0103 nu mai lucrezi anul acesta, dar ai \u00eenregistrat venituri anul trecut.<\/span><\/p>\n<p><span style=\"color: #000000;\"><strong>5. Eu pot redirec\u021biona 3,5%?<\/strong><\/span><\/p>\n<p><span style=\"color: #000000;\">Din 2021\u00a0toate organiza\u021biile nonprofit \u0219i entit\u0103\u021bile de cult pot primi p\u00e2n\u0103\u00a0la 3,5% din impozitul pe venit realizat de c\u0103tre orice persoan\u0103 fizic\u0103 care realizeaz\u0103 urm\u0103toarele tipuri de venituri \u00een Rom\u00e2nia:<\/span><\/p>\n<p><span style=\"color: #000000;\">&#8211; venituri din salarii \u0219i asimilate salariilor;<\/span><\/p>\n<p><span style=\"color: #000000;\">&#8211; venituri din pensii;<\/span><\/p>\n<p><span style=\"color: #000000;\">&#8211; venituri din activit\u0103\u021bi independente\/ activit\u0103\u021bi agricole, impuse pe baz\u0103 de norm\u0103 de venit;<\/span><\/p>\n<p><span style=\"color: #000000;\">&#8211; venituri din activit\u0103\u021bi independente realizate \u00een baza contractelor de activitate sportiv\u0103, pentru care impozitul se re\u021bine la surs\u0103;<\/span><\/p>\n<p><span style=\"color: #000000;\">&#8211; venituri din drepturi de proprietate intelectual\u0103, altele dec\u00e2t cele pentru care venitul net se determin\u0103 \u00een sistem real;<\/span><\/p>\n<p><span style=\"color: #000000;\">&#8211; venituri din cedarea folosin\u021bei bunurilor, pentru care venitul net se determin\u0103 pe baza cotelor forfetare de cheltuieli sau pe baza normelor de venit.<\/span><\/p>\n","protected":false},"excerpt":{"rendered":"<p>Tu \u0219tii ce se \u00eent\u00e2mpl\u0103 cu cei 3,5% din impozitul t\u0103u pe venit? \u00cei redirec\u021bionezi c\u0103tre o cauz\u0103 important\u0103 sau la\u0219i statul s\u0103 se foloseasc\u0103 de ei? Fiecare declara\u021bie pe care o completezi pentru redirec\u021bionarea celor 3,5% c\u0103tre Funda\u021bia Buckner, ajut\u0103 la educarea copiilor vulnerabili \u0219i la construirea unui viitor mai bun pentru ei! Cu [&hellip;]<\/p>\n","protected":false},"author":1,"featured_media":0,"parent":0,"menu_order":0,"comment_status":"closed","ping_status":"closed","template":"","meta":{"footnotes":""},"language":[],"class_list":["post-1048","page","type-page","status-publish","hentry"],"_links":{"self":[{"href":"https:\/\/nou.buckner.ro\/index.php\/wp-json\/wp\/v2\/pages\/1048","targetHints":{"allow":["GET"]}}],"collection":[{"href":"https:\/\/nou.buckner.ro\/index.php\/wp-json\/wp\/v2\/pages"}],"about":[{"href":"https:\/\/nou.buckner.ro\/index.php\/wp-json\/wp\/v2\/types\/page"}],"author":[{"embeddable":true,"href":"https:\/\/nou.buckner.ro\/index.php\/wp-json\/wp\/v2\/users\/1"}],"replies":[{"embeddable":true,"href":"https:\/\/nou.buckner.ro\/index.php\/wp-json\/wp\/v2\/comments?post=1048"}],"version-history":[{"count":8,"href":"https:\/\/nou.buckner.ro\/index.php\/wp-json\/wp\/v2\/pages\/1048\/revisions"}],"predecessor-version":[{"id":6553,"href":"https:\/\/nou.buckner.ro\/index.php\/wp-json\/wp\/v2\/pages\/1048\/revisions\/6553"}],"wp:attachment":[{"href":"https:\/\/nou.buckner.ro\/index.php\/wp-json\/wp\/v2\/media?parent=1048"}],"wp:term":[{"taxonomy":"language","embeddable":true,"href":"https:\/\/nou.buckner.ro\/index.php\/wp-json\/wp\/v2\/language?post=1048"}],"curies":[{"name":"wp","href":"https:\/\/api.w.org\/{rel}","templated":true}]}}