{"id":726,"date":"2021-01-26T10:29:43","date_gmt":"2021-01-26T10:29:43","guid":{"rendered":"https:\/\/nou.buckner.ro\/?page_id=726"},"modified":"2025-01-14T13:46:43","modified_gmt":"2025-01-14T13:46:43","slug":"home-3","status":"publish","type":"page","link":"http:\/\/nou.buckner.ro\/index.php\/home-3\/","title":{"rendered":"Acas\u0103"},"content":{"rendered":"\t\t<div data-elementor-type=\"wp-page\" data-elementor-id=\"726\" class=\"elementor elementor-726\">\n\t\t\t\t\t\t<section class=\"elementor-section elementor-top-section elementor-element elementor-element-bfdbd2b elementor-section-full_width elementor-section-height-default elementor-section-height-default\" data-id=\"bfdbd2b\" data-element_type=\"section\">\n\t\t\t\t\t\t<div class=\"elementor-container elementor-column-gap-default\">\n\t\t\t\t\t<div class=\"elementor-column elementor-col-100 elementor-top-column elementor-element elementor-element-369bc99\" data-id=\"369bc99\" data-element_type=\"column\">\n\t\t\t<div class=\"elementor-widget-wrap\">\n\t\t\t\t\t\t\t<\/div>\n\t\t<\/div>\n\t\t\t\t\t<\/div>\n\t\t<\/section>\n\t\t<div class=\"elementor-element elementor-element-7112566 e-flex e-con-boxed e-con e-parent\" data-id=\"7112566\" data-element_type=\"container\">\n\t\t\t\t\t<div class=\"e-con-inner\">\n\t\t\t\t\t<\/div>\n\t\t\t\t<\/div>\n\t\t<div class=\"elementor-element elementor-element-aeb2d2b e-flex e-con-boxed e-con e-parent\" data-id=\"aeb2d2b\" data-element_type=\"container\">\n\t\t\t\t\t<div class=\"e-con-inner\">\n\t\t\t\t<div class=\"elementor-element elementor-element-fe4834b elementor-widget elementor-widget-spacer\" data-id=\"fe4834b\" data-element_type=\"widget\" data-widget_type=\"spacer.default\">\n\t\t\t\t<div class=\"elementor-widget-container\">\n\t\t\t\t\t<div class=\"elementor-spacer\">\n\t\t\t<div class=\"elementor-spacer-inner\"><\/div>\n\t\t<\/div>\n\t\t\t\t<\/div>\n\t\t\t\t<\/div>\n\t\t\t\t<div class=\"elementor-element elementor-element-4f07b6f elementor-widget elementor-widget-image\" data-id=\"4f07b6f\" data-element_type=\"widget\" data-widget_type=\"image.default\">\n\t\t\t\t<div class=\"elementor-widget-container\">\n\t\t\t\t\t\t\t\t\t\t\t\t\t<img fetchpriority=\"high\" decoding=\"async\" width=\"768\" height=\"514\" src=\"http:\/\/nou.buckner.ro\/wp-content\/uploads\/2024\/12\/IMG_6451-768x514.jpg\" class=\"attachment-medium_large size-medium_large wp-image-5844\" alt=\"\" srcset=\"http:\/\/nou.buckner.ro\/wp-content\/uploads\/2024\/12\/IMG_6451-768x514.jpg 768w, http:\/\/nou.buckner.ro\/wp-content\/uploads\/2024\/12\/IMG_6451-300x201.jpg 300w, http:\/\/nou.buckner.ro\/wp-content\/uploads\/2024\/12\/IMG_6451-1024x686.jpg 1024w, http:\/\/nou.buckner.ro\/wp-content\/uploads\/2024\/12\/IMG_6451-1536x1029.jpg 1536w, http:\/\/nou.buckner.ro\/wp-content\/uploads\/2024\/12\/IMG_6451-2048x1372.jpg 2048w, http:\/\/nou.buckner.ro\/wp-content\/uploads\/2024\/12\/IMG_6451-600x402.jpg 600w\" sizes=\"(max-width: 768px) 100vw, 768px\" \/>\t\t\t\t\t\t\t\t\t\t\t\t\t<\/div>\n\t\t\t\t<\/div>\n\t\t\t\t<div class=\"elementor-element elementor-element-227e2eb elementor-widget__width-inherit elementor-widget elementor-widget-heading\" data-id=\"227e2eb\" data-element_type=\"widget\" data-widget_type=\"heading.default\">\n\t\t\t\t<div class=\"elementor-widget-container\">\n\t\t\t<h1 class=\"elementor-heading-title elementor-size-default\">Website \u00een construc\u021bie! <br>\u00cen scurt timp vom reveni cu un website nou nou\u021b. <br>P\u00e2n\u0103 atunci  te po\u021bi implica \u00een cea mai nou\u0103 campanie! <\/h1>\t\t<\/div>\n\t\t\t\t<\/div>\n\t\t\t\t\t<\/div>\n\t\t\t\t<\/div>\n\t\t\t\t<section class=\"elementor-section elementor-top-section elementor-element elementor-element-073aaff elementor-section-boxed elementor-section-height-default elementor-section-height-default\" data-id=\"073aaff\" data-element_type=\"section\" data-settings=\"{&quot;background_background&quot;:&quot;classic&quot;}\">\n\t\t\t\t\t\t<div class=\"elementor-container elementor-column-gap-default\">\n\t\t\t\t\t<div class=\"elementor-column elementor-col-50 elementor-top-column elementor-element elementor-element-b002f52\" data-id=\"b002f52\" data-element_type=\"column\">\n\t\t\t<div class=\"elementor-widget-wrap elementor-element-populated\">\n\t\t\t\t\t\t<div class=\"elementor-element elementor-element-a672010 elementor-widget elementor-widget-ova_heading\" data-id=\"a672010\" data-element_type=\"widget\" data-widget_type=\"ova_heading.default\">\n\t\t\t\t<div class=\"elementor-widget-container\">\n\t\t\t\t\t<div class=\"ova-heading\">\n\n\t\t\t\t\t\t\t<h4 class=\"sub_title thrid_font\">Campania activ\u0103<\/h4>\n\t\t\t\t\t\t\n\t\t\t\t\t\t\t<h2 class=\"title second_font\">Campania 3,5% 2025<\/h2>\n\t\t\t\n\t\t\t\n\t\t<\/div>\n\t\t\t\t<\/div>\n\t\t\t\t<\/div>\n\t\t\t\t<div class=\"elementor-element elementor-element-a67dde7 elementor-widget elementor-widget-ova_heading\" data-id=\"a67dde7\" data-element_type=\"widget\" data-widget_type=\"ova_heading.default\">\n\t\t\t\t<div class=\"elementor-widget-container\">\n\t\t\t\t\t<div class=\"ova-heading\">\n\n\t\t\t\t\t\t\n\t\t\t\n\t\t\t\t\t\t\t<p class=\"desc\">Cu un gest simplu, dar puternic, po\u021bi schimba vie\u021bile celor cu care lucr\u0103m \u0219i po\u021bi ajuta la \u00eemplinirea viselor lor.\nTu \u0219tii ce se \u00eent\u00e2mpl\u0103 cu cei 3,5% din impozitul t\u0103u pe venit? \u00cei redirec\u021bionezi c\u0103tre o cauz\u0103 important\u0103 sau la\u0219i statul s\u0103 se foloseasc\u0103 de ei? Fiecare declara\u021bie pe care o completezi pentru redirec\u021bionarea celor 3,5% c\u0103tre Funda\u021bia Buckner, ajut\u0103 la educarea copiilor vulnerabili \u0219i la construirea unui viitor mai bun pentru ei!\n\n<\/p>\n\t\t\t\n\t\t<\/div>\n\t\t\t\t<\/div>\n\t\t\t\t<\/div>\n\t\t\t\t<div class=\"elementor-element elementor-element-dd7735c elementor-align-left elementor-tablet-align-left elementor-widget elementor-widget-button\" data-id=\"dd7735c\" data-element_type=\"widget\" data-widget_type=\"button.default\">\n\t\t\t\t<div class=\"elementor-widget-container\">\n\t\t\t\t\t\t\t<div class=\"elementor-button-wrapper\">\n\t\t\t\t\t<a class=\"elementor-button elementor-button-link elementor-size-md\" href=\"http:\/\/nou.buckner.ro\/wp-content\/uploads\/2024\/01\/Declaratie-230_3.5_2023.pdf\">\n\t\t\t\t\t\t<span class=\"elementor-button-content-wrapper\">\n\t\t\t\t\t\t\t\t\t<span class=\"elementor-button-text\">Descarc\u0103 formular<\/span>\n\t\t\t\t\t<\/span>\n\t\t\t\t\t<\/a>\n\t\t\t\t<\/div>\n\t\t\t\t\t\t<\/div>\n\t\t\t\t<\/div>\n\t\t\t\t\t<\/div>\n\t\t<\/div>\n\t\t\t\t<div class=\"elementor-column elementor-col-50 elementor-top-column elementor-element elementor-element-290bd53\" data-id=\"290bd53\" data-element_type=\"column\">\n\t\t\t<div class=\"elementor-widget-wrap elementor-element-populated\">\n\t\t\t\t\t\t<div class=\"elementor-element elementor-element-32c47c1 elementor-widget elementor-widget-ova_image_text\" data-id=\"32c47c1\" data-element_type=\"widget\" data-widget_type=\"ova_image_text.default\">\n\t\t\t\t<div class=\"elementor-widget-container\">\n\t\t\t\t\t\n\t\t\t\t\t<div class=\"ova-image-text_v2\">\n\t\t\t\t<img decoding=\"async\" src=\"http:\/\/nou.buckner.ro\/wp-content\/uploads\/2024\/12\/Website-Header.png\" alt=\"\">\n\t\t\t\t<div class=\"content\">\n\t\t\t\t\t<h3>500<\/h3>\n\t\t\t\t\t<p class=\"thrid_font\">de Cutii cu <br\/>Bucurii<\/p>\n\t\t\t\t<\/div>\n\t\t\t<\/div>\n\n\t\t\t\t<\/div>\n\t\t\t\t<\/div>\n\t\t\t\t<div class=\"elementor-element elementor-element-125a731 elementor-widget elementor-widget-image\" data-id=\"125a731\" data-element_type=\"widget\" data-widget_type=\"image.default\">\n\t\t\t\t<div class=\"elementor-widget-container\">\n\t\t\t\t\t\t\t\t\t\t\t\t\t<img decoding=\"async\" width=\"940\" height=\"788\" src=\"http:\/\/nou.buckner.ro\/wp-content\/uploads\/2025\/01\/Campania-35-3.png\" class=\"attachment-large size-large wp-image-6319\" alt=\"\" srcset=\"http:\/\/nou.buckner.ro\/wp-content\/uploads\/2025\/01\/Campania-35-3.png 940w, http:\/\/nou.buckner.ro\/wp-content\/uploads\/2025\/01\/Campania-35-3-300x251.png 300w, http:\/\/nou.buckner.ro\/wp-content\/uploads\/2025\/01\/Campania-35-3-768x644.png 768w, http:\/\/nou.buckner.ro\/wp-content\/uploads\/2025\/01\/Campania-35-3-600x503.png 600w\" sizes=\"(max-width: 940px) 100vw, 940px\" \/>\t\t\t\t\t\t\t\t\t\t\t\t\t<\/div>\n\t\t\t\t<\/div>\n\t\t\t\t\t<\/div>\n\t\t<\/div>\n\t\t\t\t\t<\/div>\n\t\t<\/section>\n\t\t\t\t<section class=\"elementor-section elementor-top-section elementor-element elementor-element-f367d85 elementor-section-full_width elementor-section-height-default elementor-section-height-default\" data-id=\"f367d85\" data-element_type=\"section\">\n\t\t\t\t\t\t<div class=\"elementor-container elementor-column-gap-default\">\n\t\t\t\t\t<div class=\"elementor-column elementor-col-100 elementor-top-column elementor-element elementor-element-f6c72b5\" data-id=\"f6c72b5\" data-element_type=\"column\">\n\t\t\t<div class=\"elementor-widget-wrap elementor-element-populated\">\n\t\t\t\t\t\t<div class=\"elementor-element elementor-element-7f325ba elementor-absolute elementor-widget-divider--view-line elementor-widget elementor-widget-divider\" data-id=\"7f325ba\" data-element_type=\"widget\" data-settings=\"{&quot;_position&quot;:&quot;absolute&quot;}\" data-widget_type=\"divider.default\">\n\t\t\t\t<div class=\"elementor-widget-container\">\n\t\t\t\t\t<div class=\"elementor-divider\">\n\t\t\t<span class=\"elementor-divider-separator\">\n\t\t\t\t\t\t<\/span>\n\t\t<\/div>\n\t\t\t\t<\/div>\n\t\t\t\t<\/div>\n\t\t\t\t\t<\/div>\n\t\t<\/div>\n\t\t\t\t\t<\/div>\n\t\t<\/section>\n\t\t\t\t<\/div>\n\t\t","protected":false},"excerpt":{"rendered":"<p>Website \u00een construc\u021bie! \u00cen scurt timp vom reveni cu un website nou nou\u021b. P\u00e2n\u0103 atunci te po\u021bi implica \u00een cea mai nou\u0103 campanie! Campania activ\u0103 Campania 3,5% 2025 Cu un gest simplu, dar puternic, po\u021bi schimba vie\u021bile celor cu care lucr\u0103m \u0219i po\u021bi ajuta la \u00eemplinirea viselor lor. Tu \u0219tii ce se \u00eent\u00e2mpl\u0103 cu cei [&hellip;]<\/p>\n","protected":false},"author":1,"featured_media":5826,"parent":0,"menu_order":0,"comment_status":"closed","ping_status":"closed","template":"elementor_header_footer","meta":{"footnotes":""},"language":[],"class_list":["post-726","page","type-page","status-publish","has-post-thumbnail","hentry"],"_links":{"self":[{"href":"http:\/\/nou.buckner.ro\/index.php\/wp-json\/wp\/v2\/pages\/726","targetHints":{"allow":["GET"]}}],"collection":[{"href":"http:\/\/nou.buckner.ro\/index.php\/wp-json\/wp\/v2\/pages"}],"about":[{"href":"http:\/\/nou.buckner.ro\/index.php\/wp-json\/wp\/v2\/types\/page"}],"author":[{"embeddable":true,"href":"http:\/\/nou.buckner.ro\/index.php\/wp-json\/wp\/v2\/users\/1"}],"replies":[{"embeddable":true,"href":"http:\/\/nou.buckner.ro\/index.php\/wp-json\/wp\/v2\/comments?post=726"}],"version-history":[{"count":17,"href":"http:\/\/nou.buckner.ro\/index.php\/wp-json\/wp\/v2\/pages\/726\/revisions"}],"predecessor-version":[{"id":6323,"href":"http:\/\/nou.buckner.ro\/index.php\/wp-json\/wp\/v2\/pages\/726\/revisions\/6323"}],"wp:featuredmedia":[{"embeddable":true,"href":"http:\/\/nou.buckner.ro\/index.php\/wp-json\/wp\/v2\/media\/5826"}],"wp:attachment":[{"href":"http:\/\/nou.buckner.ro\/index.php\/wp-json\/wp\/v2\/media?parent=726"}],"wp:term":[{"taxonomy":"language","embeddable":true,"href":"http:\/\/nou.buckner.ro\/index.php\/wp-json\/wp\/v2\/language?post=726"}],"curies":[{"name":"wp","href":"https:\/\/api.w.org\/{rel}","templated":true}]}}